{"id":15259,"date":"2023-06-13T12:40:54","date_gmt":"2023-06-13T11:40:54","guid":{"rendered":"https:\/\/busot.es\/publica\/?page_id=15259"},"modified":"2023-06-15T12:53:18","modified_gmt":"2023-06-15T11:53:18","slug":"sistema-de-informacion-al-ciudadano-mediante-whatsapp","status":"publish","type":"page","link":"https:\/\/busot.es\/publica\/sistema-de-informacion-al-ciudadano-mediante-whatsapp\/","title":{"rendered":"Sistema de informaci\u00f3n al ciudadano mediante Whatsapp"},"content":{"rendered":"<div class=\"row\">\n<div class=\"col-md-7\">\n<div class=\"titular text-left mb-4\">\n<h3><img loading=\"lazy\" decoding=\"async\" class=\"aligncenter size-full wp-image-15258\" src=\"https:\/\/busot.es\/publica\/wp-content\/uploads\/2023\/06\/whatsapp1.jpg\" alt=\"\" width=\"351\" height=\"76\" srcset=\"https:\/\/busot.es\/publica\/wp-content\/uploads\/2023\/06\/whatsapp1.jpg 351w, https:\/\/busot.es\/publica\/wp-content\/uploads\/2023\/06\/whatsapp1-300x65.jpg 300w\" sizes=\"(max-width: 351px) 100vw, 351px\" \/><\/h3>\n<h3>El nuevo canal de comunicaci\u00f3n del Ayuntamiento de Busot<\/h3>\n<\/div>\n<p>El Ayuntamiento de Busot puso en marcha un nuevo canal de informaci\u00f3n municipal mediante la aplicaci\u00f3n WhatsApp. El objetivo del Consistorio es mantener el contacto directo con los vecinos de la localidad para mantenerles informados sobre noticias de car\u00e1cter municipal.<\/p>\n<div class=\"titularBorde\">\n<h5>Como proceder para que tu contacto sea incluido en la lista de difusi\u00f3n de WhatsApp:<\/h5>\n<\/div>\n<ol>\n<li>AGREGA al AYUNTAMIENTO COMO CONTACTO: Guarda en tu lista de contactos el tel\u00e9fono del Servicio de Informaci\u00f3n del Ayuntamiento +34 655 14 04 63.<\/li>\n<li>M\u00c1NDANOS UN MENSAJE DE WHATSAPP: Manda al nuevo contacto un WhatsApp con la palabra ALTA, tu nombre completo y la direcci\u00f3n postal (<a href=\"https:\/\/wa.me\/655140463?text=ALTA\" target=\"_blank\" rel=\"noopener noreferrer\">o pincha en este enlace<\/a>).<\/li>\n<li>DESDE ESTE MOMENTO RECIBIR\u00c1S MENSAJES DE WHATSAPP: Recibir\u00e1s en tu smartphone mensajes\u00a0 de WhatsApp con las comunicaciones, programaci\u00f3n cultural, actividades, as\u00ed como otro tipo de informaci\u00f3n municipal.<\/li>\n<\/ol>\n<div class=\"titularBorde\">\n<h5>Informaci\u00f3n importante que debes saber:<\/h5>\n<\/div>\n<ul>\n<li>Este servicio de informaci\u00f3n mediante WhatsApp, es un canal de comunicaci\u00f3n unidireccional.<\/li>\n<li>Si precisas contactar con el Ayuntamiento tienes que utilizar los otros medios habilitados para este uso (Tel\u00e9fono: <a href=\"tel:+34965699092\">+34 965699092<\/a>\u00a0, APP: Busot).<\/li>\n<li>Para darte de baja del servicio m\u00e1ndanos un WhatsApp con la palabra BAJA.<\/li>\n<li>Es muy recomendable que revises los ajustes de Privacidad de tu cuenta de WhatsApp para establecer que informaci\u00f3n compartes.<\/li>\n<\/ul>\n<\/div>\n<div class=\"col-md-5\"><\/div>\n<\/div>\n<div>\n<div class=\"separador\"><small>Los datos por Ud. facilitados ser\u00e1n tratados por el Ayuntamiento de Busot, en calidad de Responsable de Tratamiento, con la finalidad gestionar el env\u00edo de comunicaciones o notificaciones por parte de la entidad a trav\u00e9s de mensaje de telefon\u00eda m\u00f3vil (SMS, MMS, Whatsapp u otros similares), por correo electr\u00f3nico u otro medio de comunicaci\u00f3n electr\u00f3nica equivalente. La base jur\u00eddica de legitimaci\u00f3n para el tratamiento de los datos personales radica en el consentimiento expl\u00edcito manifestado en la formalizaci\u00f3n de solicitud de este sistema de comunicaci\u00f3n institucional.<\/small>\u00a0<small>Los datos ser\u00e1n conservados mientras Ud. no solicite la baja en el sistema de comunicaciones. No obstante, los datos podr\u00e1n ser conservados, en su caso, con fines de archivo de inter\u00e9s p\u00fablico, fines de investigaci\u00f3n cient\u00edfica e hist\u00f3rica o fines estad\u00edsticos.<\/small>\u00a0<small>Los datos no ser\u00e1n cedidos o comunicados a terceros, salvo en los supuestos previstos, seg\u00fan Ley. No obstante, los datos pudieran ser objeto de cesi\u00f3n o comunicaci\u00f3n a los operadores de telefon\u00eda m\u00f3vil u otros servicios t\u00e9cnicos, a fin de prestar el soporte necesario para el env\u00edo de las comunicaciones o notificaciones. Ud. podr\u00e1 ejercitar los derechos de Acceso, Rectificaci\u00f3n, Supresi\u00f3n, Limitaci\u00f3n o, en su caso, Oposici\u00f3n. A estos efectos, deber\u00e1 presentar un escrito en el Registro de Entrada del Ayuntamiento de Busot.<\/small>\u00a0<small>En el escrito deber\u00e1 especificar cu\u00e1l de estos derechos solicita sea satisfecho y, a su vez, deber\u00e1 mostrar o, en caso de env\u00edo postal, acompa\u00f1ar la fotocopia del DNI o documento identificativo equivalente. En caso de que actuara mediante representante, legal o voluntario, deber\u00e1 aportar tambi\u00e9n documento que acredite la representaci\u00f3n y documento identificativo del mismo. Asimismo, en caso de considerar vulnerado su derecho a la protecci\u00f3n de datos personales, podr\u00e1 interponer una reclamaci\u00f3n ante la Agencia Espa\u00f1ola de Protecci\u00f3n de Datos (www.agpd.es).<\/small><\/div>\n<\/div>\n","protected":false},"excerpt":{"rendered":"<p>El nuevo canal de comunicaci\u00f3n del Ayuntamiento de Busot El Ayuntamiento de Busot puso en marcha un nuevo canal de informaci\u00f3n municipal mediante la aplicaci\u00f3n WhatsApp. El objetivo del Consistorio es mantener el contacto directo con los vecinos de la localidad para mantenerles informados sobre noticias de car\u00e1cter municipal. Como proceder para que tu contacto [&hellip;]<\/p>\n","protected":false},"author":3,"featured_media":0,"parent":0,"menu_order":0,"comment_status":"closed","ping_status":"closed","template":"","meta":{"_monsterinsights_skip_tracking":false,"_monsterinsights_sitenote_active":false,"_monsterinsights_sitenote_note":"","_monsterinsights_sitenote_category":0,"footnotes":""},"_links":{"self":[{"href":"https:\/\/busot.es\/publica\/wp-json\/wp\/v2\/pages\/15259"}],"collection":[{"href":"https:\/\/busot.es\/publica\/wp-json\/wp\/v2\/pages"}],"about":[{"href":"https:\/\/busot.es\/publica\/wp-json\/wp\/v2\/types\/page"}],"author":[{"embeddable":true,"href":"https:\/\/busot.es\/publica\/wp-json\/wp\/v2\/users\/3"}],"replies":[{"embeddable":true,"href":"https:\/\/busot.es\/publica\/wp-json\/wp\/v2\/comments?post=15259"}],"version-history":[{"count":8,"href":"https:\/\/busot.es\/publica\/wp-json\/wp\/v2\/pages\/15259\/revisions"}],"predecessor-version":[{"id":15273,"href":"https:\/\/busot.es\/publica\/wp-json\/wp\/v2\/pages\/15259\/revisions\/15273"}],"wp:attachment":[{"href":"https:\/\/busot.es\/publica\/wp-json\/wp\/v2\/media?parent=15259"}],"curies":[{"name":"wp","href":"https:\/\/api.w.org\/{rel}","templated":true}]}}