{"id":14981,"date":"2022-06-13T12:12:55","date_gmt":"2022-06-13T11:12:55","guid":{"rendered":"https:\/\/busot.es\/publica\/?page_id=14981"},"modified":"2022-06-14T13:20:24","modified_gmt":"2022-06-14T12:20:24","slug":"residentes-extranjeros","status":"publish","type":"page","link":"https:\/\/busot.es\/publica\/concejalias\/residentes-extranjeros\/","title":{"rendered":"Residentes extranjeros"},"content":{"rendered":"<p><img loading=\"lazy\" decoding=\"async\" class=\"aligncenter wp-image-14982\" src=\"https:\/\/busot.es\/publica\/wp-content\/uploads\/2022\/06\/extranjeros-espana.jpg\" alt=\"\" width=\"398\" height=\"377\" srcset=\"https:\/\/busot.es\/publica\/wp-content\/uploads\/2022\/06\/extranjeros-espana.jpg 1013w, https:\/\/busot.es\/publica\/wp-content\/uploads\/2022\/06\/extranjeros-espana-300x284.jpg 300w, https:\/\/busot.es\/publica\/wp-content\/uploads\/2022\/06\/extranjeros-espana-768x728.jpg 768w, https:\/\/busot.es\/publica\/wp-content\/uploads\/2022\/06\/extranjeros-espana-52x50.jpg 52w\" sizes=\"(max-width: 398px) 100vw, 398px\" \/><\/p>\n<p><strong>Informaci\u00f3n Residentes Extranjeros:<\/strong><\/p>\n<p>A continuaci\u00f3n os dejamos los formularios a rellenar manifestando la intenci\u00f3n de voto.<\/p>\n<p>Tienen derecho a voto todo aquel que resida en Espa\u00f1a legalmente.<\/p>\n<p>Para cualquier duda o aclaraci\u00f3n p\u00f3ngase en contacto con el Ayuntamiento: 965699092<\/p>\n<p>&nbsp;<\/p>\n<p><strong>Information Foreign Residents:<\/strong><\/p>\n<p>Below we leave you the forms to fill out expressing the intention to vote.<\/p>\n<p>Everyone who legally resides in Spain has the right to vote.<\/p>\n<p>For any questions or clarification, contact the City Council: 965699092<\/p>\n<p>&nbsp;<\/p>\n<p><strong>Informations R\u00e9sidents \u00c9trangers :<\/strong><\/p>\n<p>Ci-dessous, nous vous laissons les formulaires \u00e0 remplir pour exprimer l&#8217;intention de voter.<\/p>\n<p>Toute personne r\u00e9sidant l\u00e9galement en Espagne a le droit de vote.<\/p>\n<p>Pour toute question ou clarification, contactez le conseil municipal: 965699092<\/p>\n<p>&nbsp;<\/p>\n<p><strong>Informationen zu ausl\u00e4ndischen Einwohnern:<\/strong><\/p>\n<p>Nachfolgend hinterlassen wir Ihnen die Formulare, die Sie ausf\u00fcllen m\u00fcssen, um die Absicht zur Stimmabgabe auszudr\u00fccken.<\/p>\n<p>Wahlberechtigt ist jeder, der sich rechtm\u00e4\u00dfig in Spanien aufh\u00e4lt.<\/p>\n<p>Bei Fragen oder Erl\u00e4uterungen wenden Sie sich bitte an den Stadtrat: 965699092<\/p>\n<p>&nbsp;<\/p>\n<p><strong>Documentaci\u00f3n \/ Documentation<\/strong><\/p>\n<ul>\n<li><a href=\"https:\/\/www.diputacionalicante.es\/areas\/residentes-internacionales\/\" target=\"_blank\" rel=\"noopener noreferrer\">Enlace al \u00e1rea de residentes internacionales de la Diputaci\u00f3n de Alicante [+]<\/a><\/li>\n<li><a href=\"https:\/\/busot.es\/publica\/wp-content\/uploads\/2022\/06\/CERE-N-5.pdf\" target=\"_blank\" rel=\"noopener noreferrer\">Censo electoral de residentes en Espa\u00f1a nacionales de Pa\u00edses con Acuerdos para las elecciones municipales [+]<\/a><\/li>\n<li><a href=\"https:\/\/busot.es\/publica\/wp-content\/uploads\/2022\/06\/CERE.DFA_ES.pdf\" target=\"_blank\" rel=\"noopener noreferrer\">Censo electoral de ciudadanos de la Uni\u00f3n Europea, no espa\u00f1oles, residentes en Espa\u00f1a [+]<\/a><\/li>\n<\/ul>\n","protected":false},"excerpt":{"rendered":"<p>Informaci\u00f3n Residentes Extranjeros: A continuaci\u00f3n os dejamos los formularios a rellenar manifestando la intenci\u00f3n de voto. Tienen derecho a voto todo aquel que resida en Espa\u00f1a legalmente. Para cualquier duda o aclaraci\u00f3n p\u00f3ngase en contacto con el Ayuntamiento: 965699092 &nbsp; Information Foreign Residents: Below we leave you the forms to fill out expressing the intention [&hellip;]<\/p>\n","protected":false},"author":3,"featured_media":0,"parent":11600,"menu_order":0,"comment_status":"closed","ping_status":"closed","template":"","meta":{"_monsterinsights_skip_tracking":false,"_monsterinsights_sitenote_active":false,"_monsterinsights_sitenote_note":"","_monsterinsights_sitenote_category":0,"footnotes":""},"_links":{"self":[{"href":"https:\/\/busot.es\/publica\/wp-json\/wp\/v2\/pages\/14981"}],"collection":[{"href":"https:\/\/busot.es\/publica\/wp-json\/wp\/v2\/pages"}],"about":[{"href":"https:\/\/busot.es\/publica\/wp-json\/wp\/v2\/types\/page"}],"author":[{"embeddable":true,"href":"https:\/\/busot.es\/publica\/wp-json\/wp\/v2\/users\/3"}],"replies":[{"embeddable":true,"href":"https:\/\/busot.es\/publica\/wp-json\/wp\/v2\/comments?post=14981"}],"version-history":[{"count":3,"href":"https:\/\/busot.es\/publica\/wp-json\/wp\/v2\/pages\/14981\/revisions"}],"predecessor-version":[{"id":14991,"href":"https:\/\/busot.es\/publica\/wp-json\/wp\/v2\/pages\/14981\/revisions\/14991"}],"up":[{"embeddable":true,"href":"https:\/\/busot.es\/publica\/wp-json\/wp\/v2\/pages\/11600"}],"wp:attachment":[{"href":"https:\/\/busot.es\/publica\/wp-json\/wp\/v2\/media?parent=14981"}],"curies":[{"name":"wp","href":"https:\/\/api.w.org\/{rel}","templated":true}]}}