{"id":14929,"date":"2022-02-22T17:00:19","date_gmt":"2022-02-22T16:00:19","guid":{"rendered":"https:\/\/busot.es\/publica\/?page_id=14929"},"modified":"2026-01-09T14:30:58","modified_gmt":"2026-01-09T13:30:58","slug":"ecoparque-punt-net-municipal","status":"publish","type":"page","link":"https:\/\/busot.es\/publica\/servicios\/ecoparque-punt-net-municipal\/","title":{"rendered":"Ecoparque\/Punt Net Municipal"},"content":{"rendered":"<div class=\"fusion-tabs fusion-tabs-1 classic horizontal-tabs\"><style type=\"text\/css\">.fusion-tabs.fusion-tabs-1 .nav-tabs li a{border-top-color:#ebeaea;background-color:#ebeaea;}.fusion-tabs.fusion-tabs-1 .nav-tabs{background-color:#ffffff;}.fusion-tabs.fusion-tabs-1 .nav-tabs li.active a,.fusion-tabs.fusion-tabs-1 .nav-tabs li.active a:hover,.fusion-tabs.fusion-tabs-1 .nav-tabs li.active a:focus{border-right-color:#ffffff;}.fusion-tabs.fusion-tabs-1 .nav-tabs li.active a,.fusion-tabs.fusion-tabs-1 .nav-tabs li.active a:hover,.fusion-tabs.fusion-tabs-1 .nav-tabs li.active a:focus{background-color:#ffffff;}.fusion-tabs.fusion-tabs-1 .nav-tabs li a:hover{background-color:#ffffff;border-top-color:#ffffff;}.fusion-tabs.fusion-tabs-1 .tab-pane{background-color:#ffffff;}.fusion-tabs.fusion-tabs-1 .nav,.fusion-tabs.fusion-tabs-1 .nav-tabs,.fusion-tabs.fusion-tabs-1 .tab-content .tab-pane{border-color:#ebeaea;}<\/style><div class=\"nav\"><ul class=\"nav-tabs nav-justified\"><li class=\"active\"><a class=\"tab-link\" id=\"fusion-tab-ecoparquemunicipal(puntnet)\" href=\"#tab-0e155d782c8d659917d\" data-toggle=\"tab\"><h4 class=\"fusion-tab-heading\"><i class=\"fa fontawesome-icon fa-recycle\"><\/i>Ecoparque Municipal (Punt Net)<\/h4><\/a><\/li><li><a class=\"tab-link\" id=\"fusion-tab-ecoparquem\u00f3vil\" href=\"#tab-f3eea4b18b0c49836e5\" data-toggle=\"tab\"><h4 class=\"fusion-tab-heading\"><i class=\"fa fontawesome-icon fa-truck\"><\/i>Ecoparque M\u00f3vil<\/h4><\/a><\/li><\/ul><\/div><div class=\"tab-content\"><div class=\"nav fusion-mobile-tab-nav\"><ul class=\"nav-tabs nav-justified\"><li class=\"active\"><a class=\"tab-link\" id=\"fusion-tab-ecoparquemunicipal(puntnet)\" href=\"#tab-0e155d782c8d659917d\" data-toggle=\"tab\"><h4 class=\"fusion-tab-heading\"><i class=\"fa fontawesome-icon fa-recycle\"><\/i>Ecoparque Municipal (Punt Net)<\/h4><\/a><\/li><\/ul><\/div><div class=\"tab-pane fade in active\" id=\"tab-0e155d782c8d659917d\">\n<div>\n<h3><span style=\"color: #747474; font-family: PT Sans, Arial, Helvetica, sans-serif;\">El Ecoparque Municipal de Busot asegura la gesti\u00f3n de los residuos que se generan en Busot, y su posterior tratamiento por gestores autorizados.<\/span><\/h3>\n<p><img loading=\"lazy\" decoding=\"async\" class=\"alignright wp-image-15907 \" src=\"https:\/\/busot.es\/publica\/wp-content\/uploads\/2026\/01\/HORARIO-ECOPARQUE-REESCALADO.png\" alt=\"\" width=\"446\" height=\"561\" srcset=\"https:\/\/busot.es\/publica\/wp-content\/uploads\/2026\/01\/HORARIO-ECOPARQUE-REESCALADO.png 1017w, https:\/\/busot.es\/publica\/wp-content\/uploads\/2026\/01\/HORARIO-ECOPARQUE-REESCALADO-238x300.png 238w, https:\/\/busot.es\/publica\/wp-content\/uploads\/2026\/01\/HORARIO-ECOPARQUE-REESCALADO-813x1024.png 813w, https:\/\/busot.es\/publica\/wp-content\/uploads\/2026\/01\/HORARIO-ECOPARQUE-REESCALADO-768x967.png 768w\" sizes=\"(max-width: 446px) 100vw, 446px\" \/><\/p>\n<h2>&#x1f4dd;Uso de las instalaciones:<\/h2>\n<ul>\n<li>\u00a0Es obligatorio disponer del <b>&#x1faaa; <a href=\"https:\/\/busot.es\/publica\/wp-content\/uploads\/2022\/02\/carne_ecoparque_busot.pdf\">Carn\u00e9<\/a> <\/b><b>de usuario de Ecoparque Municipal de Busot<\/b><\/li>\n<li>\u00a0 Seguir las<b> indicaciones <\/b><b>del &#x1f477; personal de la instalaci\u00f3n y los l\u00edmites.<\/b><\/li>\n<\/ul>\n<p><b>El Carn\u00e9 de usuario del Ecoparque <\/b>se puede solicitar gratuitamente:<\/p>\n<p>&#x1f449;Por tramitaci\u00f3n electr\u00f3nica en la <a href=\"https:\/\/busot.sedelectronica.es\/catalog\/t\/c9414a76-3ba2-45e2-9e6d-9c7ebc80027d\" target=\"_blank\" rel=\"noopener noreferrer\">Sede Electr\u00f3nica [+]<\/a><\/p>\n<p>&#x1f449;F\u00edsicamente en el Ayuntamiento. <a href=\"https:\/\/busot.es\/publica\/wp-content\/uploads\/2022\/02\/solitud-tarjeta-usuario-ecoparque.pdf\" target=\"_blank\" rel=\"noopener noreferrer\">Solicitud tarjeta para rellenar [+]<\/a><\/p>\n<p><b>Pueden solicitarlo:<\/b><\/p>\n<p>&#x2705;Los empadronados o residentes.<\/p>\n<p>&#x2705;Peque\u00f1as empresa con domicilio fiscal en Busot.<\/p>\n<p>&#x2705;Peque\u00f1as empresas externas que realicen trabajos en propiedades del municipio, que los residuos provengan del municipio y est\u00e9n debidamente autorizados por lo titulares de dichas propiedades (deben aparecer en la parte trasera del Carn\u00e9).<\/p>\n<p>&#x1f4c5; El Ecoparque est\u00e1 abierto al p\u00fablico los <strong>martes, jueves y s\u00e1bados de 9h a 13 h.<\/strong><\/p>\n<p>Les recordamos que el Ecoparque es gratuito, as\u00ed como la importancia de utilizarlo por el bien del medio ambiente, gracias a su gesti\u00f3n selectiva.<\/p>\n<p><a href=\"https:\/\/www.facebook.com\/hashtag\/Busotservicios\" target=\"_blank\" rel=\"noopener noreferrer\" data-saferedirecturl=\"https:\/\/www.google.com\/url?q=https:\/\/www.facebook.com\/hashtag\/Busotservicios&amp;source=gmail&amp;ust=1645616605974000&amp;usg=AOvVaw0KTQ8uoZ2DRnj4qud-3vdh\">#Busotservicios<\/a><br \/>\n<a href=\"https:\/\/www.facebook.com\/hashtag\/Busotmedioambiente\" target=\"_blank\" rel=\"noopener noreferrer\" data-saferedirecturl=\"https:\/\/www.google.com\/url?q=https:\/\/www.facebook.com\/hashtag\/Busotmedioambiente&amp;source=gmail&amp;ust=1645616605974000&amp;usg=AOvVaw1sJmZph1hcn7R0xrRmpcrv\">#Busotmedioambiente<\/a><\/p>\n<\/div>\n<\/div><div class=\"nav fusion-mobile-tab-nav\"><ul class=\"nav-tabs nav-justified\"><li><a class=\"tab-link\" id=\"fusion-tab-ecoparquem\u00f3vil\" href=\"#tab-f3eea4b18b0c49836e5\" data-toggle=\"tab\"><h4 class=\"fusion-tab-heading\"><i class=\"fa fontawesome-icon fa-truck\"><\/i>Ecoparque M\u00f3vil<\/h4><\/a><\/li><\/ul><\/div><div class=\"tab-pane fade\" id=\"tab-f3eea4b18b0c49836e5\">\n<div>\n<div dir=\"auto\"><img loading=\"lazy\" decoding=\"async\" class=\"aligncenter wp-image-15904 size-full\" src=\"https:\/\/busot.es\/publica\/wp-content\/uploads\/2026\/01\/BUSOT-castellano-ENERO-JUNIO-2026-1.png\" alt=\"\" width=\"3213\" height=\"2121\" srcset=\"https:\/\/busot.es\/publica\/wp-content\/uploads\/2026\/01\/BUSOT-castellano-ENERO-JUNIO-2026-1.png 3213w, https:\/\/busot.es\/publica\/wp-content\/uploads\/2026\/01\/BUSOT-castellano-ENERO-JUNIO-2026-1-300x198.png 300w, https:\/\/busot.es\/publica\/wp-content\/uploads\/2026\/01\/BUSOT-castellano-ENERO-JUNIO-2026-1-1024x676.png 1024w, https:\/\/busot.es\/publica\/wp-content\/uploads\/2026\/01\/BUSOT-castellano-ENERO-JUNIO-2026-1-768x507.png 768w, https:\/\/busot.es\/publica\/wp-content\/uploads\/2026\/01\/BUSOT-castellano-ENERO-JUNIO-2026-1-1536x1014.png 1536w\" sizes=\"(max-width: 3213px) 100vw, 3213px\" \/><\/div>\n<div dir=\"auto\"><\/div>\n<div dir=\"auto\"><img loading=\"lazy\" decoding=\"async\" class=\"CToWUd\" src=\"https:\/\/ci4.googleusercontent.com\/proxy\/TPxehyRBbEq7temd38C_sBUWsw-lY_eNyjuoPYm1YNia7XYsh1dc8GjViZIsBQJDP0SEbKbS-nzgl9U5oyinvwyWx6BSZWZ0yHTg5GBydGo8PIkaWfGj0Cj30-or=s0-d-e1-ft#https:\/\/static.xx.fbcdn.net\/images\/emoji.php\/v9\/tcd\/1.5\/16\/1f1ea_1f1f8.png\" alt=\"\" width=\"16\" height=\"16\" data-bit=\"iit\" \/>BUSOT SERVICIOS<\/div>\n<div dir=\"auto\">Acercamos el Ecoparque M\u00f3vil del Consorcio Terra a las urbanizaciones y te lo ponemos f\u00e1cil, para que puedas deshacerte de aquellas cosas que ya no utilizas y tengan una segunda vida. Puedes depositar textiles <img loading=\"lazy\" decoding=\"async\" class=\"CToWUd\" src=\"https:\/\/ci5.googleusercontent.com\/proxy\/9gnUM6DK_8x8hhzB8g16B9zRh5qnGjqDtwhi8RvT5CYnOQVnTGUf8Q1jg_tVQ4eepMIa6SylsRi1xVN32nAh3adaLfJREiiTDhV-MZp9T_y5gYyCZsGY=s0-d-e1-ft#https:\/\/static.xx.fbcdn.net\/images\/emoji.php\/v9\/t45\/1.5\/16\/1f455.png\" alt=\"\" width=\"16\" height=\"16\" data-bit=\"iit\" \/>, peque\u00f1os aparatos el\u00e9ctricos\u00a0<img loading=\"lazy\" decoding=\"async\" class=\"CToWUd\" src=\"https:\/\/ci5.googleusercontent.com\/proxy\/3IInfvBj04q5dkEbcM8rCmhW1xeeCmRF8VWy0gM8KeWite0xNqsVPhvPukHiqG9eQq7PWtZca3QrTzv8DWyTsDz6lFEI9j3IunF3E9nNp51SzqoG3Om4=s0-d-e1-ft#https:\/\/static.xx.fbcdn.net\/images\/emoji.php\/v9\/tb0\/1.5\/16\/1f4f1.png\" alt=\"\" width=\"16\" height=\"16\" data-bit=\"iit\" \/>\u00a0y electr\u00f3nicos\u00a0<img loading=\"lazy\" decoding=\"async\" class=\"CToWUd\" src=\"https:\/\/ci4.googleusercontent.com\/proxy\/BX-_0KZrIiO2P70nP8eqzk8iIaPWNmlhL-Z37IhCE2DkiXe0ROc2IG9gs44uPsUVyNaRevd4qcWeWcq9HtzXi71Zn4qLNFrKrROWEgv1TO-6SuG35RJL=s0-d-e1-ft#https:\/\/static.xx.fbcdn.net\/images\/emoji.php\/v9\/tda\/1.5\/16\/1f5a5.png\" alt=\"&#xfe0f;\" width=\"16\" height=\"16\" data-bit=\"iit\" \/>, bater\u00edas, luminarias, pinturas, muebles peque\u00f1os, cintas de video y m\u00fasica, CDs\u00a0<img loading=\"lazy\" decoding=\"async\" class=\"CToWUd\" src=\"https:\/\/ci4.googleusercontent.com\/proxy\/YwiiZGHL9HhUgtudn4SuwRYtdawxzT4NiS5TXJ1KutLLLr9IPiEv98x5kQlt8b1mGLag60VX238v5yUIUVOd_eZzmESs9KcO_Ei21lJd_FNwkVIc_n7u=s0-d-e1-ft#https:\/\/static.xx.fbcdn.net\/images\/emoji.php\/v9\/t52\/1.5\/16\/1f4c0.png\" alt=\"\" width=\"16\" height=\"16\" data-bit=\"iit\" \/>, juguetes\u00a0<img loading=\"lazy\" decoding=\"async\" class=\"CToWUd\" src=\"https:\/\/ci4.googleusercontent.com\/proxy\/5uyhMpW4aXmv_uq7QsxbQpAUbZviDNZAkFNn6IL1l6DPEIZK4GTZWcNAmfY2VMzVMXWuP68o2qTE56HazjUVXyhy37Pd5OqNbKmvgIG1Tr4-8QEibiX8=s0-d-e1-ft#https:\/\/static.xx.fbcdn.net\/images\/emoji.php\/v9\/t8f\/1.5\/16\/1fa85.png\" alt=\"\" width=\"16\" height=\"16\" data-bit=\"iit\" \/>&#8230;Colabora y cuida del medio ambiente\u00a0<img loading=\"lazy\" decoding=\"async\" class=\"CToWUd\" src=\"https:\/\/ci6.googleusercontent.com\/proxy\/g7yRkPGQKNdGODk-fW5xaIBrTBApja62HGFVqA81sNRTlsue7L5onlXd6ruRlcLxEfhz7pUi-8KDlQ9AuJ4n9opA6_gi-ofSE9Ccx6NhVtEDZoLEr4Kb=s0-d-e1-ft#https:\/\/static.xx.fbcdn.net\/images\/emoji.php\/v9\/t19\/1.5\/16\/1f30e.png\" alt=\"\" width=\"16\" height=\"16\" data-bit=\"iit\" \/>, te lo ponemos f\u00e1cil\u00a0<img loading=\"lazy\" decoding=\"async\" class=\"CToWUd\" src=\"https:\/\/ci6.googleusercontent.com\/proxy\/e7XEqtyyfjvxDBWWuQ4uczQ8Eo--HmI207vJojMTHeeq7b4j7VKlkEU1iuNOeHMjxEMuDL1_s7QLcwmrQNvkM1XpJup9tAHYNQye0vdz3bmp2efIlek=s0-d-e1-ft#https:\/\/static.xx.fbcdn.net\/images\/emoji.php\/v9\/tfe\/1.5\/16\/203c.png\" alt=\"&#x203c;&#xfe0f;\" width=\"16\" height=\"16\" data-bit=\"iit\" \/><\/div>\n<\/div>\n<div>\n<div dir=\"auto\"><img loading=\"lazy\" decoding=\"async\" src=\"https:\/\/busot.es\/publica\/wp-content\/plugins\/gtranslate\/flags\/16\/ca.png\" alt=\"Catal\u00e0\" width=\"16\" height=\"16\" \/> BUSOT SERVEIS<\/div>\n<div dir=\"auto\">Acostem l&#8217;Ecoparc M\u00f2bil del Consorci Terra a les urbanitzacions i te&#8217;l posem f\u00e0cil, perqu\u00e8 pugues desfer-te d&#8217;aquelles coses que ja no utilitzes i tinguen una segona vida. Pots depositar t\u00e8xtils\u00a0<img loading=\"lazy\" decoding=\"async\" class=\"CToWUd\" src=\"https:\/\/ci5.googleusercontent.com\/proxy\/9gnUM6DK_8x8hhzB8g16B9zRh5qnGjqDtwhi8RvT5CYnOQVnTGUf8Q1jg_tVQ4eepMIa6SylsRi1xVN32nAh3adaLfJREiiTDhV-MZp9T_y5gYyCZsGY=s0-d-e1-ft#https:\/\/static.xx.fbcdn.net\/images\/emoji.php\/v9\/t45\/1.5\/16\/1f455.png\" alt=\"\" width=\"16\" height=\"16\" data-bit=\"iit\" \/>, xicotets aparells el\u00e8ctrics\u00a0<img loading=\"lazy\" decoding=\"async\" class=\"CToWUd\" src=\"https:\/\/ci5.googleusercontent.com\/proxy\/3IInfvBj04q5dkEbcM8rCmhW1xeeCmRF8VWy0gM8KeWite0xNqsVPhvPukHiqG9eQq7PWtZca3QrTzv8DWyTsDz6lFEI9j3IunF3E9nNp51SzqoG3Om4=s0-d-e1-ft#https:\/\/static.xx.fbcdn.net\/images\/emoji.php\/v9\/tb0\/1.5\/16\/1f4f1.png\" alt=\"\" width=\"16\" height=\"16\" data-bit=\"iit\" \/>\u00a0i electr\u00f2nics\u00a0<img loading=\"lazy\" decoding=\"async\" class=\"CToWUd\" src=\"https:\/\/ci4.googleusercontent.com\/proxy\/BX-_0KZrIiO2P70nP8eqzk8iIaPWNmlhL-Z37IhCE2DkiXe0ROc2IG9gs44uPsUVyNaRevd4qcWeWcq9HtzXi71Zn4qLNFrKrROWEgv1TO-6SuG35RJL=s0-d-e1-ft#https:\/\/static.xx.fbcdn.net\/images\/emoji.php\/v9\/tda\/1.5\/16\/1f5a5.png\" alt=\"&#xfe0f;\" width=\"16\" height=\"16\" data-bit=\"iit\" \/>, bateries, llumin\u00e0ries, pintures, mobles xicotets, cintes de v\u00eddeo i m\u00fasica, CDs\u00a0<img loading=\"lazy\" decoding=\"async\" class=\"CToWUd\" src=\"https:\/\/ci4.googleusercontent.com\/proxy\/YwiiZGHL9HhUgtudn4SuwRYtdawxzT4NiS5TXJ1KutLLLr9IPiEv98x5kQlt8b1mGLag60VX238v5yUIUVOd_eZzmESs9KcO_Ei21lJd_FNwkVIc_n7u=s0-d-e1-ft#https:\/\/static.xx.fbcdn.net\/images\/emoji.php\/v9\/t52\/1.5\/16\/1f4c0.png\" alt=\"\" width=\"16\" height=\"16\" data-bit=\"iit\" \/>, joguets\u00a0<img loading=\"lazy\" decoding=\"async\" class=\"CToWUd\" src=\"https:\/\/ci4.googleusercontent.com\/proxy\/5uyhMpW4aXmv_uq7QsxbQpAUbZviDNZAkFNn6IL1l6DPEIZK4GTZWcNAmfY2VMzVMXWuP68o2qTE56HazjUVXyhy37Pd5OqNbKmvgIG1Tr4-8QEibiX8=s0-d-e1-ft#https:\/\/static.xx.fbcdn.net\/images\/emoji.php\/v9\/t8f\/1.5\/16\/1fa85.png\" alt=\"\" width=\"16\" height=\"16\" data-bit=\"iit\" \/>&#8230;Col\u00b7labora i cuida del medi ambient\u00a0<img loading=\"lazy\" decoding=\"async\" class=\"CToWUd\" src=\"https:\/\/ci6.googleusercontent.com\/proxy\/g7yRkPGQKNdGODk-fW5xaIBrTBApja62HGFVqA81sNRTlsue7L5onlXd6ruRlcLxEfhz7pUi-8KDlQ9AuJ4n9opA6_gi-ofSE9Ccx6NhVtEDZoLEr4Kb=s0-d-e1-ft#https:\/\/static.xx.fbcdn.net\/images\/emoji.php\/v9\/t19\/1.5\/16\/1f30e.png\" alt=\"\" width=\"16\" height=\"16\" data-bit=\"iit\" \/>, te&#8217;l posem f\u00e0cil\u00a0<img loading=\"lazy\" decoding=\"async\" class=\"CToWUd\" src=\"https:\/\/ci6.googleusercontent.com\/proxy\/e7XEqtyyfjvxDBWWuQ4uczQ8Eo--HmI207vJojMTHeeq7b4j7VKlkEU1iuNOeHMjxEMuDL1_s7QLcwmrQNvkM1XpJup9tAHYNQye0vdz3bmp2efIlek=s0-d-e1-ft#https:\/\/static.xx.fbcdn.net\/images\/emoji.php\/v9\/tfe\/1.5\/16\/203c.png\" alt=\"&#x203c;&#xfe0f;\" width=\"16\" height=\"16\" data-bit=\"iit\" \/><\/div>\n<\/div>\n<div>\n<div dir=\"auto\"><img loading=\"lazy\" decoding=\"async\" class=\"CToWUd\" src=\"https:\/\/ci3.googleusercontent.com\/proxy\/zH4rGzmf0lOSobspfEf3j51oASp83ffiSEeRobxraROyJEUsk6gvPnXq-AIz48x872Jvn-GN2oeChy-LnKpA3HDIWm78paS7W8UKUMll1LBdJDxK3M6ZKG4kNIJr=s0-d-e1-ft#https:\/\/static.xx.fbcdn.net\/images\/emoji.php\/v9\/t2f\/1.5\/16\/1f1ec_1f1e7.png\" alt=\"\" width=\"16\" height=\"16\" data-bit=\"iit\" \/>BUSOT SERVICES<\/div>\n<div dir=\"auto\">We bring the Mobile Ecopark of the Terra Consortium closer to urbanizations and we make it easy for you, so that you can get rid of those things that you no longer use and have a second life. You can deposit textiles <img loading=\"lazy\" decoding=\"async\" class=\"CToWUd\" src=\"https:\/\/ci5.googleusercontent.com\/proxy\/9gnUM6DK_8x8hhzB8g16B9zRh5qnGjqDtwhi8RvT5CYnOQVnTGUf8Q1jg_tVQ4eepMIa6SylsRi1xVN32nAh3adaLfJREiiTDhV-MZp9T_y5gYyCZsGY=s0-d-e1-ft#https:\/\/static.xx.fbcdn.net\/images\/emoji.php\/v9\/t45\/1.5\/16\/1f455.png\" alt=\"\" width=\"16\" height=\"16\" data-bit=\"iit\" \/>, small electrical\u00a0<img loading=\"lazy\" decoding=\"async\" class=\"CToWUd\" src=\"https:\/\/ci5.googleusercontent.com\/proxy\/3IInfvBj04q5dkEbcM8rCmhW1xeeCmRF8VWy0gM8KeWite0xNqsVPhvPukHiqG9eQq7PWtZca3QrTzv8DWyTsDz6lFEI9j3IunF3E9nNp51SzqoG3Om4=s0-d-e1-ft#https:\/\/static.xx.fbcdn.net\/images\/emoji.php\/v9\/tb0\/1.5\/16\/1f4f1.png\" alt=\"\" width=\"16\" height=\"16\" data-bit=\"iit\" \/>\u00a0and electronic devices\u00a0<img loading=\"lazy\" decoding=\"async\" class=\"CToWUd\" src=\"https:\/\/ci4.googleusercontent.com\/proxy\/BX-_0KZrIiO2P70nP8eqzk8iIaPWNmlhL-Z37IhCE2DkiXe0ROc2IG9gs44uPsUVyNaRevd4qcWeWcq9HtzXi71Zn4qLNFrKrROWEgv1TO-6SuG35RJL=s0-d-e1-ft#https:\/\/static.xx.fbcdn.net\/images\/emoji.php\/v9\/tda\/1.5\/16\/1f5a5.png\" alt=\"&#xfe0f;\" width=\"16\" height=\"16\" data-bit=\"iit\" \/>, batteries, lights, paintings, small furniture, video and music tapes, CDs\u00a0<img loading=\"lazy\" decoding=\"async\" class=\"CToWUd\" src=\"https:\/\/ci4.googleusercontent.com\/proxy\/YwiiZGHL9HhUgtudn4SuwRYtdawxzT4NiS5TXJ1KutLLLr9IPiEv98x5kQlt8b1mGLag60VX238v5yUIUVOd_eZzmESs9KcO_Ei21lJd_FNwkVIc_n7u=s0-d-e1-ft#https:\/\/static.xx.fbcdn.net\/images\/emoji.php\/v9\/t52\/1.5\/16\/1f4c0.png\" alt=\"\" width=\"16\" height=\"16\" data-bit=\"iit\" \/>, toys\u00a0<img loading=\"lazy\" decoding=\"async\" class=\"CToWUd\" src=\"https:\/\/ci4.googleusercontent.com\/proxy\/5uyhMpW4aXmv_uq7QsxbQpAUbZviDNZAkFNn6IL1l6DPEIZK4GTZWcNAmfY2VMzVMXWuP68o2qTE56HazjUVXyhy37Pd5OqNbKmvgIG1Tr4-8QEibiX8=s0-d-e1-ft#https:\/\/static.xx.fbcdn.net\/images\/emoji.php\/v9\/t8f\/1.5\/16\/1fa85.png\" alt=\"\" width=\"16\" height=\"16\" data-bit=\"iit\" \/>&#8230; Collaborate and take care of the environment\u00a0<img loading=\"lazy\" decoding=\"async\" class=\"CToWUd\" src=\"https:\/\/ci6.googleusercontent.com\/proxy\/g7yRkPGQKNdGODk-fW5xaIBrTBApja62HGFVqA81sNRTlsue7L5onlXd6ruRlcLxEfhz7pUi-8KDlQ9AuJ4n9opA6_gi-ofSE9Ccx6NhVtEDZoLEr4Kb=s0-d-e1-ft#https:\/\/static.xx.fbcdn.net\/images\/emoji.php\/v9\/t19\/1.5\/16\/1f30e.png\" alt=\"\" width=\"16\" height=\"16\" data-bit=\"iit\" \/>, we make it easy for you\u00a0<img loading=\"lazy\" decoding=\"async\" class=\"CToWUd\" src=\"https:\/\/ci6.googleusercontent.com\/proxy\/e7XEqtyyfjvxDBWWuQ4uczQ8Eo--HmI207vJojMTHeeq7b4j7VKlkEU1iuNOeHMjxEMuDL1_s7QLcwmrQNvkM1XpJup9tAHYNQye0vdz3bmp2efIlek=s0-d-e1-ft#https:\/\/static.xx.fbcdn.net\/images\/emoji.php\/v9\/tfe\/1.5\/16\/203c.png\" alt=\"&#x203c;&#xfe0f;\" width=\"16\" height=\"16\" data-bit=\"iit\" \/><\/div>\n<\/div>\n<div>\n<div dir=\"auto\"><img loading=\"lazy\" decoding=\"async\" class=\"CToWUd\" src=\"https:\/\/ci4.googleusercontent.com\/proxy\/YSktCrvrLAnguTR21u-02iuvl0gzSA6v2CEQgkUoKqB_YtLyQZF4vF9Ddh10lgTgFIeahs5hRaGAqdYO1zNjlMvuaXPieiqC3BA3fg7lpXimAQfA7XAgq-97T-0=s0-d-e1-ft#https:\/\/static.xx.fbcdn.net\/images\/emoji.php\/v9\/td\/1.5\/16\/1f1eb_1f1f7.png\" alt=\"\" width=\"16\" height=\"16\" data-bit=\"iit\" \/>SERVICES BUSOT<\/div>\n<div dir=\"auto\">Nous rapprochons l&#8217;Ecoparc Mobile du Consortium Terra des urbanisations et nous vous facilitons la t\u00e2che, afin que vous puissiez vous d\u00e9barrasser de ces choses dont vous n&#8217;utilisez plus et avoir une seconde vie. Vous pouvez d\u00e9poser des textiles <img loading=\"lazy\" decoding=\"async\" class=\"CToWUd\" src=\"https:\/\/ci5.googleusercontent.com\/proxy\/9gnUM6DK_8x8hhzB8g16B9zRh5qnGjqDtwhi8RvT5CYnOQVnTGUf8Q1jg_tVQ4eepMIa6SylsRi1xVN32nAh3adaLfJREiiTDhV-MZp9T_y5gYyCZsGY=s0-d-e1-ft#https:\/\/static.xx.fbcdn.net\/images\/emoji.php\/v9\/t45\/1.5\/16\/1f455.png\" alt=\"\" width=\"16\" height=\"16\" data-bit=\"iit\" \/>, des petits appareils \u00e9lectriques\u00a0<img loading=\"lazy\" decoding=\"async\" class=\"CToWUd\" src=\"https:\/\/ci5.googleusercontent.com\/proxy\/3IInfvBj04q5dkEbcM8rCmhW1xeeCmRF8VWy0gM8KeWite0xNqsVPhvPukHiqG9eQq7PWtZca3QrTzv8DWyTsDz6lFEI9j3IunF3E9nNp51SzqoG3Om4=s0-d-e1-ft#https:\/\/static.xx.fbcdn.net\/images\/emoji.php\/v9\/tb0\/1.5\/16\/1f4f1.png\" alt=\"\" width=\"16\" height=\"16\" data-bit=\"iit\" \/>\u00a0et \u00e9lectroniques\u00a0<img loading=\"lazy\" decoding=\"async\" class=\"CToWUd\" src=\"https:\/\/ci4.googleusercontent.com\/proxy\/BX-_0KZrIiO2P70nP8eqzk8iIaPWNmlhL-Z37IhCE2DkiXe0ROc2IG9gs44uPsUVyNaRevd4qcWeWcq9HtzXi71Zn4qLNFrKrROWEgv1TO-6SuG35RJL=s0-d-e1-ft#https:\/\/static.xx.fbcdn.net\/images\/emoji.php\/v9\/tda\/1.5\/16\/1f5a5.png\" alt=\"&#xfe0f;\" width=\"16\" height=\"16\" data-bit=\"iit\" \/>, des piles, des luminaires, des tableaux, des petits meubles, des cassettes vid\u00e9o et musicales, des CD\u00a0<img loading=\"lazy\" decoding=\"async\" class=\"CToWUd\" src=\"https:\/\/ci4.googleusercontent.com\/proxy\/YwiiZGHL9HhUgtudn4SuwRYtdawxzT4NiS5TXJ1KutLLLr9IPiEv98x5kQlt8b1mGLag60VX238v5yUIUVOd_eZzmESs9KcO_Ei21lJd_FNwkVIc_n7u=s0-d-e1-ft#https:\/\/static.xx.fbcdn.net\/images\/emoji.php\/v9\/t52\/1.5\/16\/1f4c0.png\" alt=\"\" width=\"16\" height=\"16\" data-bit=\"iit\" \/>, des jouets\u00a0<img loading=\"lazy\" decoding=\"async\" class=\"CToWUd\" src=\"https:\/\/ci4.googleusercontent.com\/proxy\/5uyhMpW4aXmv_uq7QsxbQpAUbZviDNZAkFNn6IL1l6DPEIZK4GTZWcNAmfY2VMzVMXWuP68o2qTE56HazjUVXyhy37Pd5OqNbKmvgIG1Tr4-8QEibiX8=s0-d-e1-ft#https:\/\/static.xx.fbcdn.net\/images\/emoji.php\/v9\/t8f\/1.5\/16\/1fa85.png\" alt=\"\" width=\"16\" height=\"16\" data-bit=\"iit\" \/>&#8230; Collaborez et prenez soin de l&#8217;environnement\u00a0<img loading=\"lazy\" decoding=\"async\" class=\"CToWUd\" src=\"https:\/\/ci6.googleusercontent.com\/proxy\/g7yRkPGQKNdGODk-fW5xaIBrTBApja62HGFVqA81sNRTlsue7L5onlXd6ruRlcLxEfhz7pUi-8KDlQ9AuJ4n9opA6_gi-ofSE9Ccx6NhVtEDZoLEr4Kb=s0-d-e1-ft#https:\/\/static.xx.fbcdn.net\/images\/emoji.php\/v9\/t19\/1.5\/16\/1f30e.png\" alt=\"\" width=\"16\" height=\"16\" data-bit=\"iit\" \/>, nous facilitons la t\u00e2che vous\u00a0<img loading=\"lazy\" decoding=\"async\" class=\"CToWUd\" src=\"https:\/\/ci6.googleusercontent.com\/proxy\/e7XEqtyyfjvxDBWWuQ4uczQ8Eo--HmI207vJojMTHeeq7b4j7VKlkEU1iuNOeHMjxEMuDL1_s7QLcwmrQNvkM1XpJup9tAHYNQye0vdz3bmp2efIlek=s0-d-e1-ft#https:\/\/static.xx.fbcdn.net\/images\/emoji.php\/v9\/tfe\/1.5\/16\/203c.png\" alt=\"&#x203c;&#xfe0f;\" width=\"16\" height=\"16\" data-bit=\"iit\" \/><\/div>\n<\/div>\n<div>\n<div dir=\"auto\"><img loading=\"lazy\" decoding=\"async\" class=\"CToWUd\" src=\"https:\/\/ci3.googleusercontent.com\/proxy\/VcMSMGVz0YLXmbEyx34SyH94SriMpCdC8--69jIcqWjeGvVgI8rU2DLF8f7-mamV4LuVB_1EbO1zashh8oC3dJf8CyLwZ_SyuMLjUK0_zCyHd6p8geIf48gYQij2=s0-d-e1-ft#https:\/\/static.xx.fbcdn.net\/images\/emoji.php\/v9\/taf\/1.5\/16\/1f1e9_1f1ea.png\" alt=\"\" width=\"16\" height=\"16\" data-bit=\"iit\" \/>BUSOT-DIENSTLEISTUNGEN<\/div>\n<div dir=\"auto\">Wir bringen den mobilen \u00d6kopark des Terra-Konsortiums n\u00e4her an Urbanisierungen und machen es Ihnen leicht, damit Sie die Dinge, die Sie nicht mehr nutzen, loswerden und ein zweites Leben haben k\u00f6nnen. Sie k\u00f6nnen Textilien <img loading=\"lazy\" decoding=\"async\" class=\"CToWUd\" src=\"https:\/\/ci5.googleusercontent.com\/proxy\/9gnUM6DK_8x8hhzB8g16B9zRh5qnGjqDtwhi8RvT5CYnOQVnTGUf8Q1jg_tVQ4eepMIa6SylsRi1xVN32nAh3adaLfJREiiTDhV-MZp9T_y5gYyCZsGY=s0-d-e1-ft#https:\/\/static.xx.fbcdn.net\/images\/emoji.php\/v9\/t45\/1.5\/16\/1f455.png\" alt=\"\" width=\"16\" height=\"16\" data-bit=\"iit\" \/>, kleine Elektro-\u00a0<img loading=\"lazy\" decoding=\"async\" class=\"CToWUd\" src=\"https:\/\/ci5.googleusercontent.com\/proxy\/3IInfvBj04q5dkEbcM8rCmhW1xeeCmRF8VWy0gM8KeWite0xNqsVPhvPukHiqG9eQq7PWtZca3QrTzv8DWyTsDz6lFEI9j3IunF3E9nNp51SzqoG3Om4=s0-d-e1-ft#https:\/\/static.xx.fbcdn.net\/images\/emoji.php\/v9\/tb0\/1.5\/16\/1f4f1.png\" alt=\"\" width=\"16\" height=\"16\" data-bit=\"iit\" \/>\u00a0und elektronische Ger\u00e4te\u00a0<img loading=\"lazy\" decoding=\"async\" class=\"CToWUd\" src=\"https:\/\/ci4.googleusercontent.com\/proxy\/BX-_0KZrIiO2P70nP8eqzk8iIaPWNmlhL-Z37IhCE2DkiXe0ROc2IG9gs44uPsUVyNaRevd4qcWeWcq9HtzXi71Zn4qLNFrKrROWEgv1TO-6SuG35RJL=s0-d-e1-ft#https:\/\/static.xx.fbcdn.net\/images\/emoji.php\/v9\/tda\/1.5\/16\/1f5a5.png\" alt=\"&#xfe0f;\" width=\"16\" height=\"16\" data-bit=\"iit\" \/>, Batterien, Leuchten, Gem\u00e4lde, Kleinm\u00f6bel, Video- und Musikkassetten, CDs\u00a0<img loading=\"lazy\" decoding=\"async\" class=\"CToWUd\" src=\"https:\/\/ci4.googleusercontent.com\/proxy\/YwiiZGHL9HhUgtudn4SuwRYtdawxzT4NiS5TXJ1KutLLLr9IPiEv98x5kQlt8b1mGLag60VX238v5yUIUVOd_eZzmESs9KcO_Ei21lJd_FNwkVIc_n7u=s0-d-e1-ft#https:\/\/static.xx.fbcdn.net\/images\/emoji.php\/v9\/t52\/1.5\/16\/1f4c0.png\" alt=\"\" width=\"16\" height=\"16\" data-bit=\"iit\" \/>, Spielzeug\u00a0<img loading=\"lazy\" decoding=\"async\" class=\"CToWUd\" src=\"https:\/\/ci4.googleusercontent.com\/proxy\/5uyhMpW4aXmv_uq7QsxbQpAUbZviDNZAkFNn6IL1l6DPEIZK4GTZWcNAmfY2VMzVMXWuP68o2qTE56HazjUVXyhy37Pd5OqNbKmvgIG1Tr4-8QEibiX8=s0-d-e1-ft#https:\/\/static.xx.fbcdn.net\/images\/emoji.php\/v9\/t8f\/1.5\/16\/1fa85.png\" alt=\"\" width=\"16\" height=\"16\" data-bit=\"iit\" \/>&#8230; abgeben. Arbeiten Sie zusammen und schonen Sie die Umwelt\u00a0<img loading=\"lazy\" decoding=\"async\" class=\"CToWUd\" src=\"https:\/\/ci6.googleusercontent.com\/proxy\/g7yRkPGQKNdGODk-fW5xaIBrTBApja62HGFVqA81sNRTlsue7L5onlXd6ruRlcLxEfhz7pUi-8KDlQ9AuJ4n9opA6_gi-ofSE9Ccx6NhVtEDZoLEr4Kb=s0-d-e1-ft#https:\/\/static.xx.fbcdn.net\/images\/emoji.php\/v9\/t19\/1.5\/16\/1f30e.png\" alt=\"\" width=\"16\" height=\"16\" data-bit=\"iit\" \/>, wir machen es Ihnen leicht du\u00a0<img loading=\"lazy\" decoding=\"async\" class=\"CToWUd\" src=\"https:\/\/ci6.googleusercontent.com\/proxy\/e7XEqtyyfjvxDBWWuQ4uczQ8Eo--HmI207vJojMTHeeq7b4j7VKlkEU1iuNOeHMjxEMuDL1_s7QLcwmrQNvkM1XpJup9tAHYNQye0vdz3bmp2efIlek=s0-d-e1-ft#https:\/\/static.xx.fbcdn.net\/images\/emoji.php\/v9\/tfe\/1.5\/16\/203c.png\" alt=\"&#x203c;&#xfe0f;\" width=\"16\" height=\"16\" data-bit=\"iit\" \/><\/div>\n<\/div>\n<\/div><\/div><\/div>\n","protected":false},"excerpt":{"rendered":"","protected":false},"author":3,"featured_media":0,"parent":11594,"menu_order":0,"comment_status":"closed","ping_status":"closed","template":"","meta":{"_monsterinsights_skip_tracking":false,"_monsterinsights_sitenote_active":false,"_monsterinsights_sitenote_note":"","_monsterinsights_sitenote_category":0,"footnotes":""},"_links":{"self":[{"href":"https:\/\/busot.es\/publica\/wp-json\/wp\/v2\/pages\/14929"}],"collection":[{"href":"https:\/\/busot.es\/publica\/wp-json\/wp\/v2\/pages"}],"about":[{"href":"https:\/\/busot.es\/publica\/wp-json\/wp\/v2\/types\/page"}],"author":[{"embeddable":true,"href":"https:\/\/busot.es\/publica\/wp-json\/wp\/v2\/users\/3"}],"replies":[{"embeddable":true,"href":"https:\/\/busot.es\/publica\/wp-json\/wp\/v2\/comments?post=14929"}],"version-history":[{"count":19,"href":"https:\/\/busot.es\/publica\/wp-json\/wp\/v2\/pages\/14929\/revisions"}],"predecessor-version":[{"id":15903,"href":"https:\/\/busot.es\/publica\/wp-json\/wp\/v2\/pages\/14929\/revisions\/15903"}],"up":[{"embeddable":true,"href":"https:\/\/busot.es\/publica\/wp-json\/wp\/v2\/pages\/11594"}],"wp:attachment":[{"href":"https:\/\/busot.es\/publica\/wp-json\/wp\/v2\/media?parent=14929"}],"curies":[{"name":"wp","href":"https:\/\/api.w.org\/{rel}","templated":true}]}}