{"id":14774,"date":"2021-05-24T07:16:25","date_gmt":"2021-05-24T06:16:25","guid":{"rendered":"https:\/\/busot.es\/publica\/?page_id=14774"},"modified":"2021-05-24T07:18:52","modified_gmt":"2021-05-24T06:18:52","slug":"plan-parcial-industrial-sau-c-1-inicio-tramitacion-evaluacion-ambiental-y-territorial-estrategia-eate","status":"publish","type":"page","link":"https:\/\/busot.es\/publica\/concejalias\/urbanismo\/plan-parcial-industrial-sau-c-1-inicio-tramitacion-evaluacion-ambiental-y-territorial-estrategia-eate\/","title":{"rendered":"PLAN PARCIAL INDUSTRIAL SAU C-1.  Inicio Tramitaci\u00f3n EVALUACION AMBIENTAL Y TERRITORIAL ESTRAT\u00c9GIA (EATE)"},"content":{"rendered":"<p>A continuaci\u00f3n se expone la documentaci\u00f3n preliminar del Plan General Estructural y del Estudio de Evaluaci\u00f3n Ambiental y Territorial Estrat\u00e9gica (EATE).<\/p>\n<ul>\n<li><a href=\"https:\/\/busot.es\/publica\/wp-content\/uploads\/2021\/05\/20210521_Otros_Anuncio-inicio-consultas.pdf\" target=\"_blank\" rel=\"noopener noreferrer\">Anuncio [+]<\/a><\/li>\n<\/ul>\n<h3>Documentaci\u00f3n (act. 4 julio 2019)<\/h3>\n<p><iframe loading=\"lazy\" src=\"https:\/\/drive.google.com\/embeddedfolderview?id=1hLxbp1aw7uigghu-Qfd8v41lNOhJm-Qc\" width=\"100%\" height=\"320px\"><\/iframe><\/p>\n<p>&nbsp;<\/p>\n","protected":false},"excerpt":{"rendered":"<p>A continuaci\u00f3n se expone la documentaci\u00f3n preliminar del Plan General Estructural y del Estudio de Evaluaci\u00f3n Ambiental y Territorial Estrat\u00e9gica (EATE). Anuncio [+] Documentaci\u00f3n (act. 4 julio 2019) &nbsp;<\/p>\n","protected":false},"author":3,"featured_media":0,"parent":12123,"menu_order":0,"comment_status":"closed","ping_status":"closed","template":"","meta":{"_monsterinsights_skip_tracking":false,"_monsterinsights_sitenote_active":false,"_monsterinsights_sitenote_note":"","_monsterinsights_sitenote_category":0,"footnotes":""},"_links":{"self":[{"href":"https:\/\/busot.es\/publica\/wp-json\/wp\/v2\/pages\/14774"}],"collection":[{"href":"https:\/\/busot.es\/publica\/wp-json\/wp\/v2\/pages"}],"about":[{"href":"https:\/\/busot.es\/publica\/wp-json\/wp\/v2\/types\/page"}],"author":[{"embeddable":true,"href":"https:\/\/busot.es\/publica\/wp-json\/wp\/v2\/users\/3"}],"replies":[{"embeddable":true,"href":"https:\/\/busot.es\/publica\/wp-json\/wp\/v2\/comments?post=14774"}],"version-history":[{"count":1,"href":"https:\/\/busot.es\/publica\/wp-json\/wp\/v2\/pages\/14774\/revisions"}],"predecessor-version":[{"id":14776,"href":"https:\/\/busot.es\/publica\/wp-json\/wp\/v2\/pages\/14774\/revisions\/14776"}],"up":[{"embeddable":true,"href":"https:\/\/busot.es\/publica\/wp-json\/wp\/v2\/pages\/12123"}],"wp:attachment":[{"href":"https:\/\/busot.es\/publica\/wp-json\/wp\/v2\/media?parent=14774"}],"curies":[{"name":"wp","href":"https:\/\/api.w.org\/{rel}","templated":true}]}}