{"id":14685,"date":"2020-12-23T09:35:36","date_gmt":"2020-12-23T08:35:36","guid":{"rendered":"https:\/\/busot.es\/publica\/?page_id=14685"},"modified":"2020-12-23T09:41:22","modified_gmt":"2020-12-23T08:41:22","slug":"normas-subsidiarias-de-planeamiento-de-busot","status":"publish","type":"page","link":"https:\/\/busot.es\/publica\/concejalias\/urbanismo\/normas-subsidiarias-de-planeamiento-de-busot\/","title":{"rendered":"Normas Subsidiarias de planeamiento de Busot"},"content":{"rendered":"<p>A continuaci\u00f3n se expone la documentaci\u00f3n de las Normas Subsidiarias de planeamiento de Busot.<\/p>\n<h3>Documentaci\u00f3n<\/h3>\n<p><iframe loading=\"lazy\" src=\"https:\/\/drive.google.com\/embeddedfolderview?id=1DkybC_3528KXcPdu7GX8M8T5kMaNxe53\" width=\"100%\" height=\"320px\"><\/iframe><\/p>\n<p>&nbsp;<\/p>\n","protected":false},"excerpt":{"rendered":"<p>A continuaci\u00f3n se expone la documentaci\u00f3n de las Normas Subsidiarias de planeamiento de Busot. Documentaci\u00f3n &nbsp;<\/p>\n","protected":false},"author":3,"featured_media":0,"parent":12123,"menu_order":0,"comment_status":"closed","ping_status":"closed","template":"","meta":{"_monsterinsights_skip_tracking":false,"_monsterinsights_sitenote_active":false,"_monsterinsights_sitenote_note":"","_monsterinsights_sitenote_category":0,"footnotes":""},"_links":{"self":[{"href":"https:\/\/busot.es\/publica\/wp-json\/wp\/v2\/pages\/14685"}],"collection":[{"href":"https:\/\/busot.es\/publica\/wp-json\/wp\/v2\/pages"}],"about":[{"href":"https:\/\/busot.es\/publica\/wp-json\/wp\/v2\/types\/page"}],"author":[{"embeddable":true,"href":"https:\/\/busot.es\/publica\/wp-json\/wp\/v2\/users\/3"}],"replies":[{"embeddable":true,"href":"https:\/\/busot.es\/publica\/wp-json\/wp\/v2\/comments?post=14685"}],"version-history":[{"count":4,"href":"https:\/\/busot.es\/publica\/wp-json\/wp\/v2\/pages\/14685\/revisions"}],"predecessor-version":[{"id":14690,"href":"https:\/\/busot.es\/publica\/wp-json\/wp\/v2\/pages\/14685\/revisions\/14690"}],"up":[{"embeddable":true,"href":"https:\/\/busot.es\/publica\/wp-json\/wp\/v2\/pages\/12123"}],"wp:attachment":[{"href":"https:\/\/busot.es\/publica\/wp-json\/wp\/v2\/media?parent=14685"}],"curies":[{"name":"wp","href":"https:\/\/api.w.org\/{rel}","templated":true}]}}