{"id":13675,"date":"2018-08-20T07:07:33","date_gmt":"2018-08-20T06:07:33","guid":{"rendered":"https:\/\/busot.es\/publica\/?page_id=13675"},"modified":"2019-07-29T19:49:12","modified_gmt":"2019-07-29T18:49:12","slug":"plan-general-estructural-y-del-estudio-de-evaluacion-ambiental-y-territorial-estrategica-eate","status":"publish","type":"page","link":"https:\/\/busot.es\/publica\/concejalias\/urbanismo\/plan-general-estructural-y-del-estudio-de-evaluacion-ambiental-y-territorial-estrategica-eate\/","title":{"rendered":"Plan General Estructural y del Estudio de Evaluaci\u00f3n Ambiental y Territorial Estrat\u00e9gica (EATE)"},"content":{"rendered":"<p>A continuaci\u00f3n se expone la documentaci\u00f3n preliminar del Plan General Estructural y del Estudio de Evaluaci\u00f3n Ambiental y Territorial Estrat\u00e9gica (EATE).<\/p>\n<ul>\n<li><a href=\"https:\/\/busot.es\/publica\/wp-content\/uploads\/2019\/07\/2\u00aa-Anuncio-DOCV.pdf\" target=\"_blank\" rel=\"noopener noreferrer\">Anuncio de publicaci\u00f3n [+]<\/a><\/li>\n<li><a href=\"https:\/\/busot.es\/publica\/wp-content\/uploads\/2019\/07\/S36C-119070807190.pdf\" target=\"_blank\" rel=\"noopener noreferrer\">DOGV [+]<\/a><\/li>\n<\/ul>\n<h3>Documentaci\u00f3n (act. 4 julio 2019)<\/h3>\n<p><iframe loading=\"lazy\" src=\"https:\/\/drive.google.com\/embeddedfolderview?id=1i_cCrx-BFwbos0dOtumcqTcA5KBwsl_R\" width=\"100%\" height=\"320px\"><\/iframe><\/p>\n<p>&nbsp;<\/p>\n<h3>Formulario de aportaciones<\/h3>\n<div role=\"form\" class=\"wpcf7\" id=\"wpcf7-f14074-o1\" lang=\"es-ES\" dir=\"ltr\">\n<div class=\"screen-reader-response\" role=\"alert\" aria-live=\"polite\"><\/div>\n<form action=\"\/publica\/wp-json\/wp\/v2\/pages\/13675#wpcf7-f14074-o1\" method=\"post\" class=\"wpcf7-form init\" novalidate=\"novalidate\">\n<div style=\"display: none;\">\n<input type=\"hidden\" name=\"_wpcf7\" value=\"14074\" \/>\n<input type=\"hidden\" name=\"_wpcf7_version\" value=\"5.2.1\" \/>\n<input type=\"hidden\" name=\"_wpcf7_locale\" value=\"es_ES\" \/>\n<input type=\"hidden\" name=\"_wpcf7_unit_tag\" value=\"wpcf7-f14074-o1\" \/>\n<input type=\"hidden\" name=\"_wpcf7_container_post\" value=\"0\" \/>\n<input type=\"hidden\" name=\"_wpcf7_posted_data_hash\" value=\"\" \/>\n<input type=\"hidden\" name=\"_wpcf7_recaptcha_response\" value=\"\" \/>\n<\/div>\n<p><label> Nombre y apellidos (requerido)<br \/>\n    <span class=\"wpcf7-form-control-wrap nombre\"><input type=\"text\" name=\"nombre\" value=\"\" size=\"40\" class=\"wpcf7-form-control wpcf7-text wpcf7-validates-as-required\" aria-required=\"true\" aria-invalid=\"false\" \/><\/span> <\/label><\/p>\n<p><label> DNI (requerido)<br \/>\n    <span class=\"wpcf7-form-control-wrap dni\"><input type=\"text\" name=\"dni\" value=\"\" size=\"40\" class=\"wpcf7-form-control wpcf7-text wpcf7-validates-as-required\" aria-required=\"true\" aria-invalid=\"false\" \/><\/span> <\/label><\/p>\n<p><label> Tel\u00e9fono (requerido)<br \/>\n    <span class=\"wpcf7-form-control-wrap telefono\"><input type=\"tel\" name=\"telefono\" value=\"\" size=\"40\" class=\"wpcf7-form-control wpcf7-text wpcf7-tel wpcf7-validates-as-required wpcf7-validates-as-tel\" aria-required=\"true\" aria-invalid=\"false\" \/><\/span> <\/label><\/p>\n<p><label> Correo electr\u00f3nico (requerido)<br \/>\n    <span class=\"wpcf7-form-control-wrap your-email\"><input type=\"email\" name=\"your-email\" value=\"\" size=\"40\" class=\"wpcf7-form-control wpcf7-text wpcf7-email wpcf7-validates-as-required wpcf7-validates-as-email\" aria-required=\"true\" aria-invalid=\"false\" \/><\/span> <\/label><\/p>\n<p><label> Aportaciones que desea plantear<br \/>\n    <span class=\"wpcf7-form-control-wrap aportaciones\"><textarea name=\"aportaciones\" cols=\"40\" rows=\"10\" class=\"wpcf7-form-control wpcf7-textarea\" aria-invalid=\"false\"><\/textarea><\/span> <\/label><\/p>\n<p><input type=\"submit\" value=\"Enviar\" class=\"wpcf7-form-control wpcf7-submit\" \/><\/p>\n<div class=\"wpcf7-response-output\" role=\"alert\" aria-hidden=\"true\"><\/div><\/form><\/div>\n<p>&nbsp;<\/p>\n","protected":false},"excerpt":{"rendered":"<p>A continuaci\u00f3n se expone la documentaci\u00f3n preliminar del Plan General Estructural y del Estudio de Evaluaci\u00f3n Ambiental y Territorial Estrat\u00e9gica (EATE). Anuncio de publicaci\u00f3n [+] DOGV [+] Documentaci\u00f3n (act. 4 julio 2019) &nbsp; Formulario de aportaciones &nbsp;<\/p>\n","protected":false},"author":3,"featured_media":0,"parent":12123,"menu_order":0,"comment_status":"closed","ping_status":"closed","template":"","meta":{"_monsterinsights_skip_tracking":false,"_monsterinsights_sitenote_active":false,"_monsterinsights_sitenote_note":"","_monsterinsights_sitenote_category":0,"footnotes":""},"_links":{"self":[{"href":"https:\/\/busot.es\/publica\/wp-json\/wp\/v2\/pages\/13675"}],"collection":[{"href":"https:\/\/busot.es\/publica\/wp-json\/wp\/v2\/pages"}],"about":[{"href":"https:\/\/busot.es\/publica\/wp-json\/wp\/v2\/types\/page"}],"author":[{"embeddable":true,"href":"https:\/\/busot.es\/publica\/wp-json\/wp\/v2\/users\/3"}],"replies":[{"embeddable":true,"href":"https:\/\/busot.es\/publica\/wp-json\/wp\/v2\/comments?post=13675"}],"version-history":[{"count":18,"href":"https:\/\/busot.es\/publica\/wp-json\/wp\/v2\/pages\/13675\/revisions"}],"predecessor-version":[{"id":14254,"href":"https:\/\/busot.es\/publica\/wp-json\/wp\/v2\/pages\/13675\/revisions\/14254"}],"up":[{"embeddable":true,"href":"https:\/\/busot.es\/publica\/wp-json\/wp\/v2\/pages\/12123"}],"wp:attachment":[{"href":"https:\/\/busot.es\/publica\/wp-json\/wp\/v2\/media?parent=13675"}],"curies":[{"name":"wp","href":"https:\/\/api.w.org\/{rel}","templated":true}]}}