{"id":12123,"date":"2016-05-26T09:01:11","date_gmt":"2016-05-26T08:01:11","guid":{"rendered":"https:\/\/busot.es\/publica\/?page_id=12123"},"modified":"2025-12-15T11:28:37","modified_gmt":"2025-12-15T10:28:37","slug":"urbanismo","status":"publish","type":"page","link":"https:\/\/busot.es\/publica\/concejalias\/urbanismo\/","title":{"rendered":"Urbanismo"},"content":{"rendered":"<p>El \u00e1rea de urbanismo de Busot pone a disposici\u00f3n de sus ciudadanos informaci\u00f3n sobre los tr\u00e1mites administrativos que puede realizar en el municipio.<\/p>\n<ul>\n<li style=\"list-style-type: none;\">\n<ul>\n<li><a href=\"https:\/\/busot.sedeelectronica.es\/\" target=\"_blank\" rel=\"noopener noreferrer\">Sede electr\u00f3nica [+]<\/a><\/li>\n<li><a href=\"https:\/\/busot.es\/publica\/sede-electronica\/\" target=\"_blank\" rel=\"noopener noreferrer\">Informaci\u00f3n sobre todos los tr\u00e1mites [+]<\/a><\/li>\n<li><a href=\"https:\/\/drive.google.com\/drive\/folders\/1-EMlL9bLnx0A4p-j4MFsMbyEpqQ6B5QF?usp=sharing\" target=\"_blank\" rel=\"noopener\">Informaci\u00f3n p\u00fablica aprobaci\u00f3n inicial del Estudio de Detalle en Urbanizaci\u00f3n Pla Lloma\u00a0<\/a> (14\/10\/2025)<\/li>\n<li><a href=\"https:\/\/drive.google.com\/drive\/folders\/1kdhs-y855fHFRBUpt1jmiCBP2ZOdqcGr?usp=sharing\" target=\"_blank\" rel=\"noopener\">Instalaci\u00f3n de almacenamiento de residuos de competencia local en el \u00e1mbito de la recogida en espera de tratamiento (ECOPARQUE) de\u00a0 Busot (Alicante)<\/a> (15\/12\/2025)<\/li>\n<\/ul>\n<\/li>\n<\/ul>\n<p>&nbsp;<\/p>\n<ul>\n<li><a href=\"https:\/\/busot.es\/publica\/concejalias\/urbanismo\/plan-general-estructural-y-del-estudio-de-evaluacion-ambiental-y-territorial-estrategica-eate\/\">Plan General Estructural y del Estudio de Evaluaci\u00f3n Ambiental y Territorial Estrat\u00e9gica (EATE)<\/a><\/li>\n<li><a href=\"https:\/\/busot.es\/publica\/concejalias\/urbanismo\/normas-subsidiarias-de-planeamiento-de-busot\/\">Normas Subsidiarias de planeamiento de Busot<\/a><\/li>\n<\/ul>\n<p>Para m\u00e1s informaci\u00f3n contactar con el Departamento de Urbanismo en:<\/p>\n<p><img loading=\"lazy\" decoding=\"async\" class=\"\" src=\"https:\/\/busot.es\/publica\/wp-content\/uploads\/2016\/03\/Urbanismo-1024x576.jpg\" width=\"428\" height=\"241\" \/><\/p>\n<ul>\n<li>Doctor Brotons, 4 planta baja<\/li>\n<li>Tel. 965 69 81 56<\/li>\n<li>Email. busot@busot.es<\/li>\n<\/ul>\n","protected":false},"excerpt":{"rendered":"<p>El \u00e1rea de urbanismo de Busot pone a disposici\u00f3n de sus ciudadanos informaci\u00f3n sobre los tr\u00e1mites administrativos que puede realizar en el municipio. Sede electr\u00f3nica [+] Informaci\u00f3n sobre todos los tr\u00e1mites [+] Informaci\u00f3n p\u00fablica aprobaci\u00f3n inicial del Estudio de Detalle en Urbanizaci\u00f3n Pla Lloma\u00a0 (14\/10\/2025) Instalaci\u00f3n de almacenamiento de residuos de competencia local en el [&hellip;]<\/p>\n","protected":false},"author":2,"featured_media":0,"parent":11600,"menu_order":0,"comment_status":"closed","ping_status":"closed","template":"","meta":{"_monsterinsights_skip_tracking":false,"_monsterinsights_sitenote_active":false,"_monsterinsights_sitenote_note":"","_monsterinsights_sitenote_category":0,"footnotes":""},"_links":{"self":[{"href":"https:\/\/busot.es\/publica\/wp-json\/wp\/v2\/pages\/12123"}],"collection":[{"href":"https:\/\/busot.es\/publica\/wp-json\/wp\/v2\/pages"}],"about":[{"href":"https:\/\/busot.es\/publica\/wp-json\/wp\/v2\/types\/page"}],"author":[{"embeddable":true,"href":"https:\/\/busot.es\/publica\/wp-json\/wp\/v2\/users\/2"}],"replies":[{"embeddable":true,"href":"https:\/\/busot.es\/publica\/wp-json\/wp\/v2\/comments?post=12123"}],"version-history":[{"count":22,"href":"https:\/\/busot.es\/publica\/wp-json\/wp\/v2\/pages\/12123\/revisions"}],"predecessor-version":[{"id":15864,"href":"https:\/\/busot.es\/publica\/wp-json\/wp\/v2\/pages\/12123\/revisions\/15864"}],"up":[{"embeddable":true,"href":"https:\/\/busot.es\/publica\/wp-json\/wp\/v2\/pages\/11600"}],"wp:attachment":[{"href":"https:\/\/busot.es\/publica\/wp-json\/wp\/v2\/media?parent=12123"}],"curies":[{"name":"wp","href":"https:\/\/api.w.org\/{rel}","templated":true}]}}