{"id":12038,"date":"2016-04-30T21:01:37","date_gmt":"2016-04-30T20:01:37","guid":{"rendered":"https:\/\/busot.es\/publica\/?page_id=12038"},"modified":"2022-04-22T14:32:48","modified_gmt":"2022-04-22T13:32:48","slug":"desarrollo-local","status":"publish","type":"page","link":"https:\/\/busot.es\/publica\/concejalias\/desarrollo-local\/","title":{"rendered":"Desarrollo local, formaci\u00f3n y empleo"},"content":{"rendered":"<div>\n<p>La <strong>concejal\u00eda de desarrollo local, formaci\u00f3n y empleo<\/strong> tiene como principal objetivo promover el <strong>desarrollo integral del municipio<\/strong>, en t\u00e9rminos econ\u00f3micos, sociales y culturales, mediante la optimizaci\u00f3n de los recursos municipales.<\/p>\n<p>As\u00ed las dos grandes \u00e1reas de trabajo son: <strong>la promoci\u00f3n e implantaci\u00f3n de pol\u00edticas activas de empleo y el desarrollo socioecon\u00f3mico del municipio.<\/strong><\/p>\n<p>De esta manera se da apoyo t\u00e9cnico a los <strong>programas municipales de turismo y comercio. <\/strong>Se trabaja en la mejora de la <strong>empleabilidad de los busoteros<\/strong>, a trav\u00e9s de orientaci\u00f3n laboral personalizada y <strong>cursos de formaci\u00f3n<\/strong>, atendiendo a las necesidades detectadas: curso carretillero, alba\u00f1iler\u00eda, camarero, inform\u00e1tica, ingl\u00e9s,\u2026 Y se <strong>asesora a emprendedores, empresas y asociaciones<\/strong> cuyos proyectos tengan como fin el desarrollo sostenible de Busot. Adem\u00e1s de atender sus necesidades, ya sean formativas, de promoci\u00f3n en ferias sectoriales, etc. En referencia a los emprendedores tenemos un programa espec\u00edfico, para aquellos que instalen un comercio en nuestro pueblo.<\/p>\n<p>Por \u00faltimo, se\u00f1alar que el ayuntamiento de Busot demuestra su compromiso en el <strong>fomento de empleo<\/strong> en nuestro municipio llevando a cabo las siguientes acciones:<\/p>\n<ol>\n<li>Bolsas de trabajos p\u00fablicas: informador tur\u00edstico, operarios de servicios, jardineros, etc.<\/li>\n<li>Gesti\u00f3n de una bolsa de trabajo local.<\/li>\n<li>Orientaci\u00f3n laboral.<\/li>\n<li>Solicitud de programas de fomento de empleo a la GVA, para j\u00f3venes menores de 30 a\u00f1os, parados de larga duraci\u00f3n, etc., como son los: EMPUJU, EMCUJU, EMCORD y EMCORP<\/li>\n<\/ol>\n<p>Desde la Agencia de Desarrollo Local estamos colaborando con INSERTA EMPLEO de FUNDACI\u00d3N ONCE<\/p>\n<p><img loading=\"lazy\" decoding=\"async\" class=\"aligncenter size-full wp-image-14959\" src=\"https:\/\/busot.es\/publica\/wp-content\/uploads\/2022\/04\/LOGO-INSERTA-EMPLEO.jpg\" alt=\"\" width=\"827\" height=\"249\" srcset=\"https:\/\/busot.es\/publica\/wp-content\/uploads\/2022\/04\/LOGO-INSERTA-EMPLEO.jpg 827w, https:\/\/busot.es\/publica\/wp-content\/uploads\/2022\/04\/LOGO-INSERTA-EMPLEO-300x90.jpg 300w, https:\/\/busot.es\/publica\/wp-content\/uploads\/2022\/04\/LOGO-INSERTA-EMPLEO-768x231.jpg 768w\" sizes=\"(max-width: 827px) 100vw, 827px\" \/><\/p>\n<\/div>\n<p><strong>Galer\u00eda de fotos<\/strong><\/p>\n<div class=\"su-custom-gallery su-custom-gallery-title-never su-lightbox-gallery\"><div class=\"su-custom-gallery-slide\"><a href=\"https:\/\/busot.es\/publica\/wp-content\/uploads\/2016\/04\/100_0363.jpg\" title=\"100_0363\"><img loading=\"lazy\" decoding=\"async\" src=\"https:\/\/busot.es\/publica\/wp-content\/uploads\/2016\/04\/100_0363-230x200.jpg\" alt=\"100_0363\" width=\"230\" height=\"200\" \/><span class=\"su-custom-gallery-title\">100_0363<\/span><\/a><\/div><div class=\"su-custom-gallery-slide\"><a href=\"https:\/\/busot.es\/publica\/wp-content\/uploads\/2016\/04\/Curso-de-manipulador-de-Alimentos-6-4-16-4.jpg\" title=\"Curso de manipulador de Alimentos 6-4-16 (4)\"><img loading=\"lazy\" decoding=\"async\" src=\"https:\/\/busot.es\/publica\/wp-content\/uploads\/2016\/04\/Curso-de-manipulador-de-Alimentos-6-4-16-4-230x200.jpg\" alt=\"Curso de manipulador de Alimentos 6-4-16 (4)\" width=\"230\" height=\"200\" \/><span class=\"su-custom-gallery-title\">Curso de manipulador de Alimentos 6-4-16 (4)<\/span><\/a><\/div><div class=\"su-custom-gallery-slide\"><a href=\"https:\/\/busot.es\/publica\/wp-content\/uploads\/2016\/04\/IMG-20151112-WA0016.jpg\" title=\"IMG-20151112-WA0016\"><img loading=\"lazy\" decoding=\"async\" src=\"https:\/\/busot.es\/publica\/wp-content\/uploads\/2016\/04\/IMG-20151112-WA0016-230x200.jpg\" alt=\"IMG-20151112-WA0016\" width=\"230\" height=\"200\" \/><span class=\"su-custom-gallery-title\">IMG-20151112-WA0016<\/span><\/a><\/div><div class=\"su-custom-gallery-slide\"><a href=\"https:\/\/busot.es\/publica\/wp-content\/uploads\/2020\/11\/WhatsApp-Image-2019-10-11-at-13.16.32.jpeg\" title=\"WhatsApp Image 2019-10-11 at 13.16.32\"><img loading=\"lazy\" decoding=\"async\" src=\"https:\/\/busot.es\/publica\/wp-content\/uploads\/2020\/11\/WhatsApp-Image-2019-10-11-at-13.16.32-230x200.jpeg\" alt=\"WhatsApp Image 2019-10-11 at 13.16.32\" width=\"230\" height=\"200\" \/><span class=\"su-custom-gallery-title\">WhatsApp Image 2019-10-11 at 13.16.32<\/span><\/a><\/div><div class=\"su-custom-gallery-slide\"><a href=\"https:\/\/busot.es\/publica\/wp-content\/uploads\/2020\/11\/IMG_20190527_194408-scaled.jpg\" title=\"IMG_20190527_194408\"><img loading=\"lazy\" decoding=\"async\" src=\"https:\/\/busot.es\/publica\/wp-content\/uploads\/2020\/11\/IMG_20190527_194408-scaled.jpg\" alt=\"IMG_20190527_194408\" width=\"230\" height=\"200\" \/><span class=\"su-custom-gallery-title\">IMG_20190527_194408<\/span><\/a><\/div><div class=\"su-custom-gallery-slide\"><a href=\"https:\/\/busot.es\/publica\/wp-content\/uploads\/2020\/11\/IMG_20190521_195843-scaled.jpg\" title=\"IMG_20190521_195843\"><img loading=\"lazy\" decoding=\"async\" src=\"https:\/\/busot.es\/publica\/wp-content\/uploads\/2020\/11\/IMG_20190521_195843-scaled.jpg\" alt=\"IMG_20190521_195843\" width=\"230\" height=\"200\" \/><span class=\"su-custom-gallery-title\">IMG_20190521_195843<\/span><\/a><\/div><div class=\"su-custom-gallery-slide\"><a href=\"https:\/\/busot.es\/publica\/wp-content\/uploads\/2020\/11\/IMG_0097-scaled.jpg\" title=\"IMG_0097\"><img loading=\"lazy\" decoding=\"async\" src=\"https:\/\/busot.es\/publica\/wp-content\/uploads\/2020\/11\/IMG_0097-scaled.jpg\" alt=\"IMG_0097\" width=\"230\" height=\"200\" \/><span class=\"su-custom-gallery-title\">IMG_0097<\/span><\/a><\/div><div class=\"su-custom-gallery-slide\"><a href=\"https:\/\/busot.es\/publica\/wp-content\/uploads\/2020\/11\/IMG_0015-scaled.jpg\" title=\"IMG_0015\"><img loading=\"lazy\" decoding=\"async\" src=\"https:\/\/busot.es\/publica\/wp-content\/uploads\/2020\/11\/IMG_0015-scaled.jpg\" alt=\"IMG_0015\" width=\"230\" height=\"200\" \/><span class=\"su-custom-gallery-title\">IMG_0015<\/span><\/a><\/div><div class=\"su-custom-gallery-slide\"><a href=\"https:\/\/busot.es\/publica\/wp-content\/uploads\/2020\/11\/BUSOT-MERCAT-2.jpg\" title=\"BUSOT-MERCAT-2\"><img loading=\"lazy\" decoding=\"async\" src=\"https:\/\/busot.es\/publica\/wp-content\/uploads\/2020\/11\/BUSOT-MERCAT-2-230x200.jpg\" alt=\"BUSOT-MERCAT-2\" width=\"230\" height=\"200\" \/><span class=\"su-custom-gallery-title\">BUSOT-MERCAT-2<\/span><\/a><\/div><div class=\"su-clear\"><\/div><\/div>\n<p>&nbsp;<\/p>\n","protected":false},"excerpt":{"rendered":"<p>La concejal\u00eda de desarrollo local, formaci\u00f3n y empleo tiene como principal objetivo promover el desarrollo integral del municipio, en t\u00e9rminos econ\u00f3micos, sociales y culturales, mediante la optimizaci\u00f3n de los recursos municipales. As\u00ed las dos grandes \u00e1reas de trabajo son: la promoci\u00f3n e implantaci\u00f3n de pol\u00edticas activas de empleo y el desarrollo socioecon\u00f3mico del municipio. De [&hellip;]<\/p>\n","protected":false},"author":2,"featured_media":0,"parent":11600,"menu_order":0,"comment_status":"closed","ping_status":"closed","template":"","meta":{"_monsterinsights_skip_tracking":false,"_monsterinsights_sitenote_active":false,"_monsterinsights_sitenote_note":"","_monsterinsights_sitenote_category":0,"footnotes":""},"_links":{"self":[{"href":"https:\/\/busot.es\/publica\/wp-json\/wp\/v2\/pages\/12038"}],"collection":[{"href":"https:\/\/busot.es\/publica\/wp-json\/wp\/v2\/pages"}],"about":[{"href":"https:\/\/busot.es\/publica\/wp-json\/wp\/v2\/types\/page"}],"author":[{"embeddable":true,"href":"https:\/\/busot.es\/publica\/wp-json\/wp\/v2\/users\/2"}],"replies":[{"embeddable":true,"href":"https:\/\/busot.es\/publica\/wp-json\/wp\/v2\/comments?post=12038"}],"version-history":[{"count":9,"href":"https:\/\/busot.es\/publica\/wp-json\/wp\/v2\/pages\/12038\/revisions"}],"predecessor-version":[{"id":14962,"href":"https:\/\/busot.es\/publica\/wp-json\/wp\/v2\/pages\/12038\/revisions\/14962"}],"up":[{"embeddable":true,"href":"https:\/\/busot.es\/publica\/wp-json\/wp\/v2\/pages\/11600"}],"wp:attachment":[{"href":"https:\/\/busot.es\/publica\/wp-json\/wp\/v2\/media?parent=12038"}],"curies":[{"name":"wp","href":"https:\/\/api.w.org\/{rel}","templated":true}]}}