{"id":12014,"date":"2016-04-30T20:47:31","date_gmt":"2016-04-30T19:47:31","guid":{"rendered":"https:\/\/busot.es\/publica\/?page_id=12014"},"modified":"2020-10-31T13:21:25","modified_gmt":"2020-10-31T12:21:25","slug":"patrimonio","status":"publish","type":"page","link":"https:\/\/busot.es\/publica\/concejalias\/patrimonio\/","title":{"rendered":"Patrimonio"},"content":{"rendered":"<p>Desde esta concejal\u00eda tenemos un gran proyecto conservar nuestro patrimonio y darlo a conocer. Sabemos que es una ardua tarea. Pasando por restauraciones, recopilaci\u00f3n de nuestro pasado, actualizaciones y dem\u00e1s trabajos necesarios antes de ense\u00f1ar al mundo todo nuestro patrimonio.<\/p>\n<p>Pasado y futuro deben de caminar juntos para el bien de nuestro pueblo.\u00a0Cualquier vecino o interesado que pudiera aportar datos, textos o\u00a0informaci\u00f3n relativa a esta concejal\u00eda, podr\u00e1 ponerse en contacto con la\u00a0concejal\u00eda a trav\u00e9s de email mczamora@busot.es y al tel\u00e9fono 665201942.<\/p>\n<p><strong>Galer\u00eda de fotos<\/strong><\/p>\n<div class=\"su-custom-gallery su-custom-gallery-title-never su-lightbox-gallery\"><div class=\"su-custom-gallery-slide\"><a href=\"https:\/\/busot.es\/publica\/wp-content\/uploads\/2016\/04\/043.jpg\" title=\"043\"><img loading=\"lazy\" decoding=\"async\" src=\"https:\/\/busot.es\/publica\/wp-content\/uploads\/2016\/04\/043-230x200.jpg\" alt=\"043\" width=\"230\" height=\"200\" \/><span class=\"su-custom-gallery-title\">043<\/span><\/a><\/div><div class=\"su-custom-gallery-slide\"><a href=\"https:\/\/busot.es\/publica\/wp-content\/uploads\/2016\/04\/047.jpg\" title=\"047\"><img loading=\"lazy\" decoding=\"async\" src=\"https:\/\/busot.es\/publica\/wp-content\/uploads\/2016\/04\/047-230x200.jpg\" alt=\"047\" width=\"230\" height=\"200\" \/><span class=\"su-custom-gallery-title\">047<\/span><\/a><\/div><div class=\"su-custom-gallery-slide\"><a href=\"https:\/\/busot.es\/publica\/wp-content\/uploads\/2016\/04\/IMG_1074.jpg\" title=\"IMG_1074\"><img loading=\"lazy\" decoding=\"async\" src=\"https:\/\/busot.es\/publica\/wp-content\/uploads\/2016\/04\/IMG_1074-230x200.jpg\" alt=\"IMG_1074\" width=\"230\" height=\"200\" \/><span class=\"su-custom-gallery-title\">IMG_1074<\/span><\/a><\/div><div class=\"su-custom-gallery-slide\"><a href=\"https:\/\/busot.es\/publica\/wp-content\/uploads\/2016\/04\/IMG_3202.jpg\" title=\"IMG_3202\"><img loading=\"lazy\" decoding=\"async\" src=\"https:\/\/busot.es\/publica\/wp-content\/uploads\/2016\/04\/IMG_3202-230x200.jpg\" alt=\"IMG_3202\" width=\"230\" height=\"200\" \/><span class=\"su-custom-gallery-title\">IMG_3202<\/span><\/a><\/div><div class=\"su-custom-gallery-slide\"><a href=\"https:\/\/busot.es\/publica\/wp-content\/uploads\/2016\/04\/IMG_5273.jpg\" title=\"IMG_5273\"><img loading=\"lazy\" decoding=\"async\" src=\"https:\/\/busot.es\/publica\/wp-content\/uploads\/2016\/04\/IMG_5273-230x200.jpg\" alt=\"IMG_5273\" width=\"230\" height=\"200\" \/><span class=\"su-custom-gallery-title\">IMG_5273<\/span><\/a><\/div><div class=\"su-custom-gallery-slide\"><a href=\"https:\/\/busot.es\/publica\/wp-content\/uploads\/2016\/04\/IMG_5332.jpg\" title=\"IMG_5332\"><img loading=\"lazy\" decoding=\"async\" src=\"https:\/\/busot.es\/publica\/wp-content\/uploads\/2016\/04\/IMG_5332-230x200.jpg\" alt=\"IMG_5332\" width=\"230\" height=\"200\" \/><span class=\"su-custom-gallery-title\">IMG_5332<\/span><\/a><\/div><div class=\"su-custom-gallery-slide\"><a href=\"https:\/\/busot.es\/publica\/wp-content\/uploads\/2016\/04\/Pla\u00e7a-de-la-Generalitat.png\" title=\"Pla\u00e7a de la Generalitat\"><img loading=\"lazy\" decoding=\"async\" src=\"https:\/\/busot.es\/publica\/wp-content\/uploads\/2016\/04\/Pla\u00e7a-de-la-Generalitat-230x200.png\" alt=\"Pla\u00e7a de la Generalitat\" width=\"230\" height=\"200\" \/><span class=\"su-custom-gallery-title\">Pla\u00e7a de la Generalitat<\/span><\/a><\/div><div class=\"su-custom-gallery-slide\"><a href=\"https:\/\/busot.es\/publica\/wp-content\/uploads\/2016\/04\/S25C-413091709460.jpg\" title=\"S25C-413091709460\"><img loading=\"lazy\" decoding=\"async\" src=\"https:\/\/busot.es\/publica\/wp-content\/uploads\/2016\/04\/S25C-413091709460-230x200.jpg\" alt=\"S25C-413091709460\" width=\"230\" height=\"200\" \/><span class=\"su-custom-gallery-title\">S25C-413091709460<\/span><\/a><\/div><div class=\"su-clear\"><\/div><\/div>\n","protected":false},"excerpt":{"rendered":"<p>Desde esta concejal\u00eda tenemos un gran proyecto conservar nuestro patrimonio y darlo a conocer. Sabemos que es una ardua tarea. Pasando por restauraciones, recopilaci\u00f3n de nuestro pasado, actualizaciones y dem\u00e1s trabajos necesarios antes de ense\u00f1ar al mundo todo nuestro patrimonio. Pasado y futuro deben de caminar juntos para el bien de nuestro pueblo.\u00a0Cualquier vecino o [&hellip;]<\/p>\n","protected":false},"author":2,"featured_media":0,"parent":11600,"menu_order":0,"comment_status":"closed","ping_status":"closed","template":"","meta":{"_monsterinsights_skip_tracking":false,"_monsterinsights_sitenote_active":false,"_monsterinsights_sitenote_note":"","_monsterinsights_sitenote_category":0,"footnotes":""},"_links":{"self":[{"href":"https:\/\/busot.es\/publica\/wp-json\/wp\/v2\/pages\/12014"}],"collection":[{"href":"https:\/\/busot.es\/publica\/wp-json\/wp\/v2\/pages"}],"about":[{"href":"https:\/\/busot.es\/publica\/wp-json\/wp\/v2\/types\/page"}],"author":[{"embeddable":true,"href":"https:\/\/busot.es\/publica\/wp-json\/wp\/v2\/users\/2"}],"replies":[{"embeddable":true,"href":"https:\/\/busot.es\/publica\/wp-json\/wp\/v2\/comments?post=12014"}],"version-history":[{"count":4,"href":"https:\/\/busot.es\/publica\/wp-json\/wp\/v2\/pages\/12014\/revisions"}],"predecessor-version":[{"id":14612,"href":"https:\/\/busot.es\/publica\/wp-json\/wp\/v2\/pages\/12014\/revisions\/14612"}],"up":[{"embeddable":true,"href":"https:\/\/busot.es\/publica\/wp-json\/wp\/v2\/pages\/11600"}],"wp:attachment":[{"href":"https:\/\/busot.es\/publica\/wp-json\/wp\/v2\/media?parent=12014"}],"curies":[{"name":"wp","href":"https:\/\/api.w.org\/{rel}","templated":true}]}}