{"id":12004,"date":"2016-04-30T16:38:08","date_gmt":"2016-04-30T15:38:08","guid":{"rendered":"https:\/\/busot.es\/publica\/?page_id=12004"},"modified":"2021-03-08T13:56:18","modified_gmt":"2021-03-08T12:56:18","slug":"3a-edad","status":"publish","type":"page","link":"https:\/\/busot.es\/publica\/concejalias\/3a-edad\/","title":{"rendered":"3\u00aa Edad"},"content":{"rendered":"<p>Los recursos a los que pueden acceder a trav\u00e9s de la concejal\u00eda de la Tercera Edad junto con la\u00a0Asistenta Social son:<\/p>\n<ul>\n<li>Informaci\u00f3n, asesoramiento y tramitaci\u00f3n de termalismo del IMSERSO y Valenciano.<\/li>\n<li>Informaci\u00f3n, asesoramiento y tramitaci\u00f3n de viajes sociales.<\/li>\n<li>Informaci\u00f3n, asesoramiento y tramitaci\u00f3n en la solicitud de reconocimiento de la\u00a0situaci\u00f3n de dependencia.<\/li>\n<li>Gesti\u00f3n de servicio de ayuda a domicilio.<\/li>\n<\/ul>\n<p>Adem\u00e1s de cualquier duda de otra cuesti\u00f3n que est\u00e9 relacionada con situaci\u00f3n de pertenecer\u00a0al colectivo de la tercera edad.<\/p>\n<p>Desde este Ayuntamiento se apoyaran todas las ideas que tengan la Asociaci\u00f3n de la Tercera\u00a0Edad de Busot.<\/p>\n<p><strong>Actividades de la 3\u00aa Edad:<\/strong><\/p>\n<ul>\n<li>Gimnasia para la Tercera Edad.( Gratuita)<\/li>\n<li>Para mayores de 59 a\u00f1os, jubilados y pensionistas.<\/li>\n<li>Martes y Jueves de 9:00h a 10:00h.<\/li>\n<li>En el polideportivo de Busot.<\/li>\n<\/ul>\n<p>Debido a la situaci\u00f3n sanitaria creada por el COVID-19 el Casal de la Tercera Edad no tiene actividades actualmente.<br \/>\nNo dude en ponerse en contacto telef\u00f3nicamente si necesita informaci\u00f3n a los tel\u00e9fonos<\/p>\n<p>Concejal\u00eda 3\u00aa Edad 637 08 18 90 &#8211; CONCEJAL 3\u00aa EDAD &#8211; MONICA GINER<\/p>\n<p><strong>Galer\u00eda de fotos<\/strong><\/p>\n<div class=\"su-custom-gallery su-custom-gallery-title-never su-lightbox-gallery\"><div class=\"su-custom-gallery-slide\"><a href=\"https:\/\/busot.es\/publica\/wp-content\/uploads\/2021\/03\/IMG_0002-2.jpg\" title=\"IMG_0002 (2)\"><img loading=\"lazy\" decoding=\"async\" src=\"https:\/\/busot.es\/publica\/wp-content\/uploads\/2021\/03\/IMG_0002-2-230x200.jpg\" alt=\"IMG_0002 (2)\" width=\"230\" height=\"200\" \/><span class=\"su-custom-gallery-title\">IMG_0002 (2)<\/span><\/a><\/div><div class=\"su-custom-gallery-slide\"><a href=\"https:\/\/busot.es\/publica\/wp-content\/uploads\/2021\/03\/IMG_0004.jpg\" title=\"IMG_0004\"><img loading=\"lazy\" decoding=\"async\" src=\"https:\/\/busot.es\/publica\/wp-content\/uploads\/2021\/03\/IMG_0004-230x200.jpg\" alt=\"IMG_0004\" width=\"230\" height=\"200\" \/><span class=\"su-custom-gallery-title\">IMG_0004<\/span><\/a><\/div><div class=\"su-custom-gallery-slide\"><a href=\"https:\/\/busot.es\/publica\/wp-content\/uploads\/2016\/04\/IMG-20151124-WA0004.jpg\" title=\"IMG-20151124-WA0004\"><img loading=\"lazy\" decoding=\"async\" src=\"https:\/\/busot.es\/publica\/wp-content\/uploads\/2016\/04\/IMG-20151124-WA0004-230x200.jpg\" alt=\"IMG-20151124-WA0004\" width=\"230\" height=\"200\" \/><span class=\"su-custom-gallery-title\">IMG-20151124-WA0004<\/span><\/a><\/div><div class=\"su-custom-gallery-slide\"><a href=\"https:\/\/busot.es\/publica\/wp-content\/uploads\/2016\/04\/IMG-20151124-WA0002.jpg\" title=\"IMG-20151124-WA0002\"><img loading=\"lazy\" decoding=\"async\" src=\"https:\/\/busot.es\/publica\/wp-content\/uploads\/2016\/04\/IMG-20151124-WA0002-230x200.jpg\" alt=\"IMG-20151124-WA0002\" width=\"230\" height=\"200\" \/><span class=\"su-custom-gallery-title\">IMG-20151124-WA0002<\/span><\/a><\/div><div class=\"su-custom-gallery-slide\"><a href=\"https:\/\/busot.es\/publica\/wp-content\/uploads\/2016\/04\/IMG_20130714_002253.jpg\" title=\"IMG_20130714_002253\"><img loading=\"lazy\" decoding=\"async\" src=\"https:\/\/busot.es\/publica\/wp-content\/uploads\/2016\/04\/IMG_20130714_002253-230x200.jpg\" alt=\"IMG_20130714_002253\" width=\"230\" height=\"200\" \/><span class=\"su-custom-gallery-title\">IMG_20130714_002253<\/span><\/a><\/div><div class=\"su-clear\"><\/div><\/div>\n\n","protected":false},"excerpt":{"rendered":"","protected":false},"author":2,"featured_media":0,"parent":11600,"menu_order":0,"comment_status":"closed","ping_status":"closed","template":"","meta":{"_monsterinsights_skip_tracking":false,"_monsterinsights_sitenote_active":false,"_monsterinsights_sitenote_note":"","_monsterinsights_sitenote_category":0,"footnotes":""},"_links":{"self":[{"href":"https:\/\/busot.es\/publica\/wp-json\/wp\/v2\/pages\/12004"}],"collection":[{"href":"https:\/\/busot.es\/publica\/wp-json\/wp\/v2\/pages"}],"about":[{"href":"https:\/\/busot.es\/publica\/wp-json\/wp\/v2\/types\/page"}],"author":[{"embeddable":true,"href":"https:\/\/busot.es\/publica\/wp-json\/wp\/v2\/users\/2"}],"replies":[{"embeddable":true,"href":"https:\/\/busot.es\/publica\/wp-json\/wp\/v2\/comments?post=12004"}],"version-history":[{"count":6,"href":"https:\/\/busot.es\/publica\/wp-json\/wp\/v2\/pages\/12004\/revisions"}],"predecessor-version":[{"id":14732,"href":"https:\/\/busot.es\/publica\/wp-json\/wp\/v2\/pages\/12004\/revisions\/14732"}],"up":[{"embeddable":true,"href":"https:\/\/busot.es\/publica\/wp-json\/wp\/v2\/pages\/11600"}],"wp:attachment":[{"href":"https:\/\/busot.es\/publica\/wp-json\/wp\/v2\/media?parent=12004"}],"curies":[{"name":"wp","href":"https:\/\/api.w.org\/{rel}","templated":true}]}}