{"id":11871,"date":"2016-03-10T18:06:26","date_gmt":"2016-03-10T17:06:26","guid":{"rendered":"https:\/\/busot.es\/publica\/?page_id=11871"},"modified":"2024-01-26T11:17:26","modified_gmt":"2024-01-26T10:17:26","slug":"junta-de-gobierno","status":"publish","type":"page","link":"https:\/\/busot.es\/publica\/ayuntamiento\/junta-de-gobierno\/","title":{"rendered":"Junta de gobierno"},"content":{"rendered":"<div class=\"fusion-tabs fusion-tabs-1 classic vertical-tabs\"><style type=\"text\/css\">.fusion-tabs.fusion-tabs-1 .nav-tabs li a{border-top-color:#ebeaea;background-color:#ebeaea;}.fusion-tabs.fusion-tabs-1 .nav-tabs{background-color:#ffffff;}.fusion-tabs.fusion-tabs-1 .nav-tabs li.active a,.fusion-tabs.fusion-tabs-1 .nav-tabs li.active a:hover,.fusion-tabs.fusion-tabs-1 .nav-tabs li.active a:focus{border-right-color:#ffffff;}.fusion-tabs.fusion-tabs-1 .nav-tabs li.active a,.fusion-tabs.fusion-tabs-1 .nav-tabs li.active a:hover,.fusion-tabs.fusion-tabs-1 .nav-tabs li.active a:focus{background-color:#ffffff;}.fusion-tabs.fusion-tabs-1 .nav-tabs li a:hover{background-color:#ffffff;border-top-color:#ffffff;}.fusion-tabs.fusion-tabs-1 .tab-pane{background-color:#ffffff;}.fusion-tabs.fusion-tabs-1 .nav,.fusion-tabs.fusion-tabs-1 .nav-tabs,.fusion-tabs.fusion-tabs-1 .tab-content .tab-pane{border-color:#ebeaea;}<\/style><div class=\"nav\"><ul class=\"nav-tabs\"><li class=\"active\"><a class=\"tab-link\" id=\"fusion-tab-informaci\u00f3ngeneral\" href=\"#tab-351a68fbe747b4ff7cc\" data-toggle=\"tab\"><h4 class=\"fusion-tab-heading\"><i class=\"fa fontawesome-icon fa-info-circle\"><\/i>Informaci\u00f3n General<\/h4><\/a><\/li><\/ul><\/div><div class=\"tab-content\"><div class=\"nav fusion-mobile-tab-nav\"><ul class=\"nav-tabs\"><li class=\"active\"><a class=\"tab-link\" id=\"fusion-tab-informaci\u00f3ngeneral\" href=\"#tab-351a68fbe747b4ff7cc\" data-toggle=\"tab\"><h4 class=\"fusion-tab-heading\"><i class=\"fa fontawesome-icon fa-info-circle\"><\/i>Informaci\u00f3n General<\/h4><\/a><\/li><\/ul><\/div><div class=\"tab-pane fade in active\" id=\"tab-351a68fbe747b4ff7cc\"><strong>SESI\u00d3N ORDINARIA<\/strong><br \/>\nLa Junta de Gobierno Local celebrar\u00e1 sesi\u00f3n ordinaria quincenalmente, el jueves a las diez horas. Si el jueves que corresponda fuera festivo o inh\u00e1bil, la sesi\u00f3n ordinaria se trasladar\u00e1 al siguiente d\u00eda h\u00e1bil.<\/p>\n<p><strong>SESI\u00d3N EXTRAORDINARIA<\/strong><br \/>\nConvocada por el Alcalde.<\/p>\n<p><strong>SESIONES EXTRAORDINARIAS URGENTES<\/strong><br \/>\nRatificadas por la propia Junta de Gobierno Local.<\/p>\n<p><strong>QUORUM DE ASISTENCIA Y PUBLICIDAD DE LAS SESIONES<\/strong><\/p>\n<p><strong>QU\u00d3RUM<\/strong><br \/>\nEn primera convocatoria ser\u00e1 necesaria la mayor\u00eda absoluta de sus componentes.<\/p>\n<p>En segunda convocatoria, una hora despu\u00e9s, ser\u00e1 suficiente la tercera parte de sus miembros.<\/p>\n<p>Las sesiones de la Junta de Gobierno Local no ser\u00e1n p\u00fablicas<\/div><\/div><\/div><div class=\"fusion-one-third one_third fusion-layout-column fusion-spacing-yes\" style=\"margin-top:0px;margin-bottom:20px;\"><div class=\"fusion-column-wrapper\"><\/div><\/div><div class=\"fusion-one-third one_third fusion-layout-column fusion-spacing-yes\" style=\"margin-top:0px;margin-bottom:20px;\"><div class=\"fusion-column-wrapper\" style=\"background-color:#eaeaea;\"><div class=\"fusion-column-table\"><div class=\"fusion-column-tablecell\"><div class=\"fusion-person person fusion-person-left fusion-person-icon-top\"><div class=\"person-shortcode-image-wrapper\"><div class=\"person-image-container hover-type-zoomin dropshadow\" style=\"\n\t\t\t\t-moz-box-shadow: 2px 3px 7px rgba(112,0,48,.3);\n\t\t\t\t-webkit-box-shadow: 2px 3px 7px rgba(112,0,48,.3);\n\t\t\t\tbox-shadow: 2px 3px 7px rgba(112,0,48,.3);\"><img decoding=\"async\" class=\"person-img img-responsive\" src=\"https:\/\/busot.es\/publica\/wp-content\/uploads\/2023\/08\/alejandro.jpg\" alt=\"Alejandro Morant Climent\" \/><\/div><\/div><div class=\"person-desc\"><div class=\"person-author\"><div class=\"person-author-wrapper\"><span class=\"person-name\">Alejandro Morant Climent<\/span><span class=\"person-title\">Partido Popular<\/span><\/div><div class=\"fusion-social-networks boxed-icons\"><div class=\"fusion-social-networks-wrapper\"><a class=\"fusion-social-network-icon fusion-tooltip fusion-linkedin fusion-icon-linkedin\" href=\"https:\/\/busot.es\/publica\/wp-content\/uploads\/2020\/10\/Curriculum-Alejandro-web-2020.pdf\" target=\"_blank\" style=\"color:#bebdbd;background-color:#700030;border-color:#700030;border-radius:4px;font-size:16px;padding:8px;\" data-placement=\"bottom\" data-title=\"Ver curriculum\" title=\"Ver curriculum\" data-toggle=\"tooltip\"><\/a><a class=\"fusion-social-network-icon fusion-tooltip fusion-mail fusion-icon-mail\" href=\"mailto:alcalde@busot.es\" target=\"_self\" style=\"color:#bebdbd;background-color:#700030;border-color:#700030;border-radius:4px;font-size:16px;padding:8px;\" data-placement=\"bottom\" data-title=\"Mail\" title=\"Mail\" data-toggle=\"tooltip\"><\/a><\/div><\/div><\/div><div class=\"person-content fusion-clearfix\">Alcalde &#8211; Presidente<br \/>\nHacienda<br \/>\nContrataci\u00f3n<\/p>\n<\/div><\/div><\/div><\/div><\/div><\/div><\/div><div class=\"fusion-one-third one_third fusion-layout-column fusion-column-last fusion-spacing-yes\" style=\"margin-top:0px;margin-bottom:20px;\"><div class=\"fusion-column-wrapper\"><\/div><\/div><div class=\"fusion-clearfix\"><\/div><div class=\"fusion-one-third one_third fusion-layout-column fusion-spacing-yes\" style=\"margin-top:0px;margin-bottom:20px;\"><div class=\"fusion-column-wrapper\" style=\"background-color:#eaeaea;\"><div class=\"fusion-person person fusion-person-left fusion-person-icon-top\"><div class=\"person-shortcode-image-wrapper\"><div class=\"person-image-container hover-type-zoomin dropshadow\" style=\"\n\t\t\t\t-moz-box-shadow: 2px 3px 7px rgba(0,0,0,.3);\n\t\t\t\t-webkit-box-shadow: 2px 3px 7px rgba(0,0,0,.3);\n\t\t\t\tbox-shadow: 2px 3px 7px rgba(0,0,0,.3);\"><img decoding=\"async\" class=\"person-img img-responsive\" src=\"https:\/\/busot.es\/publica\/wp-content\/uploads\/2023\/08\/jorge_moll.jpg\" alt=\"Jorge Vicente Moll Alonso\" \/><\/div><\/div><div class=\"person-desc\"><div class=\"person-author\"><div class=\"person-author-wrapper\"><span class=\"person-name\">Jorge Vicente Moll Alonso<\/span><span class=\"person-title\">Partido Popular<\/span><\/div><div class=\"fusion-social-networks boxed-icons\"><div class=\"fusion-social-networks-wrapper\"><a class=\"fusion-social-network-icon fusion-tooltip fusion-linkedin fusion-icon-linkedin\" href=\"https:\/\/busot.es\/publica\/wp-content\/uploads\/2016\/07\/Curriculum-Jorge-Moll-actualizado-2016-3.pdf\" target=\"_blank\" style=\"color:#bebdbd;background-color:#700030;border-color:#700030;border-radius:4px;font-size:16px;padding:8px;\" data-placement=\"top\" data-title=\"Ver curriculum\" title=\"Ver curriculum\" data-toggle=\"tooltip\"><\/a><a class=\"fusion-social-network-icon fusion-tooltip fusion-mail fusion-icon-mail\" href=\"mailto:jmoll@busot.es\" target=\"_self\" style=\"color:#bebdbd;background-color:#700030;border-color:#700030;border-radius:4px;font-size:16px;padding:8px;\" data-placement=\"top\" data-title=\"Mail\" title=\"Mail\" data-toggle=\"tooltip\"><\/a><\/div><\/div><\/div><div class=\"person-content fusion-clearfix\">Deportes<br \/>\nServicios Generales<br \/>\nSeguridad Ciudadana<br \/>\nPolic\u00eda y Tr\u00e1fico<\/div><\/div><\/div><\/div><\/div><div class=\"fusion-one-third one_third fusion-layout-column fusion-spacing-yes\" style=\"margin-top:0px;margin-bottom:20px;\"><div class=\"fusion-column-wrapper\" style=\"background-color:#eaeaea;\"><div class=\"fusion-person person fusion-person-left fusion-person-icon-top\"><div class=\"person-shortcode-image-wrapper\"><div class=\"person-image-container hover-type-zoomin dropshadow\" style=\"\n\t\t\t\t-moz-box-shadow: 2px 3px 7px rgba(112,0,48,.3);\n\t\t\t\t-webkit-box-shadow: 2px 3px 7px rgba(112,0,48,.3);\n\t\t\t\tbox-shadow: 2px 3px 7px rgba(112,0,48,.3);\"><img decoding=\"async\" class=\"person-img img-responsive\" src=\"https:\/\/busot.es\/publica\/wp-content\/uploads\/2023\/08\/mc_zamora.jpg\" alt=\"M\u00aa Carmen Zamora\" \/><\/div><\/div><div class=\"person-desc\"><div class=\"person-author\"><div class=\"person-author-wrapper\"><span class=\"person-name\">M\u00aa Carmen Zamora<\/span><span class=\"person-title\">Partido Popular<\/span><\/div><div class=\"fusion-social-networks boxed-icons\"><div class=\"fusion-social-networks-wrapper\"><a class=\"fusion-social-network-icon fusion-tooltip fusion-linkedin fusion-icon-linkedin\" href=\"https:\/\/busot.es\/publica\/wp-content\/uploads\/2016\/07\/C.V.-MCarmen-Zamora.pdf\" target=\"_blank\" style=\"color:#bebdbd;background-color:#700030;border-color:#700030;border-radius:4px;font-size:16px;padding:8px;\" data-placement=\"top\" data-title=\"Ver curriculum\" title=\"Ver curriculum\" data-toggle=\"tooltip\"><\/a><a class=\"fusion-social-network-icon fusion-tooltip fusion-mail fusion-icon-mail\" href=\"mailto:mczamora@busot.es\" target=\"_self\" style=\"color:#bebdbd;background-color:#700030;border-color:#700030;border-radius:4px;font-size:16px;padding:8px;\" data-placement=\"top\" data-title=\"Mail\" title=\"Mail\" data-toggle=\"tooltip\"><\/a><\/div><\/div><\/div><div class=\"person-content fusion-clearfix\">Desarrollo Local<br \/>\nFormaci\u00f3n<br \/>\nCultura<br \/>\nFiestas<\/div><\/div><\/div><\/div><\/div><div class=\"fusion-one-third one_third fusion-layout-column fusion-column-last fusion-spacing-yes\" style=\"margin-top:0px;margin-bottom:20px;\"><div class=\"fusion-column-wrapper\" style=\"background-color:#eaeaea;\"><div class=\"fusion-person person fusion-person-left fusion-person-icon-top\"><div class=\"person-shortcode-image-wrapper\"><div class=\"person-image-container hover-type-zoomin dropshadow\" style=\"\n\t\t\t\t-moz-box-shadow: 2px 3px 7px rgba(0,0,0,.3);\n\t\t\t\t-webkit-box-shadow: 2px 3px 7px rgba(0,0,0,.3);\n\t\t\t\tbox-shadow: 2px 3px 7px rgba(0,0,0,.3);\"><img decoding=\"async\" class=\"person-img img-responsive\" src=\"https:\/\/busot.es\/publica\/wp-content\/uploads\/2023\/08\/jose_garcia.jpg\" alt=\"Jos\u00e9 Garc\u00eda\" \/><\/div><\/div><div class=\"person-desc\"><div class=\"person-author\"><div class=\"person-author-wrapper\"><span class=\"person-name\">Jos\u00e9 Garc\u00eda<\/span><span class=\"person-title\">Partido Popular<\/span><\/div><div class=\"fusion-social-networks boxed-icons\"><div class=\"fusion-social-networks-wrapper\"><a class=\"fusion-social-network-icon fusion-tooltip fusion-linkedin fusion-icon-linkedin\" href=\"https:\/\/busot.es\/publica\/wp-content\/uploads\/2016\/07\/C.V-Jose-Garcia.pdf\" target=\"_blank\" style=\"color:#bebdbd;background-color:#700030;border-color:#700030;border-radius:4px;font-size:16px;padding:8px;\" data-placement=\"top\" data-title=\"Ver curriculum\" title=\"Ver curriculum\" data-toggle=\"tooltip\"><\/a><a class=\"fusion-social-network-icon fusion-tooltip fusion-mail fusion-icon-mail\" href=\"mailto:jgarcia@busot.es\" target=\"_self\" style=\"color:#bebdbd;background-color:#700030;border-color:#700030;border-radius:4px;font-size:16px;padding:8px;\" data-placement=\"top\" data-title=\"Mail\" title=\"Mail\" data-toggle=\"tooltip\"><\/a><\/div><\/div><\/div><div class=\"person-content fusion-clearfix\">Recursos humanos<br \/>\nAgricultura<br \/>\nPatrimonio<br \/>\nUrban\u00edsmo<\/div><\/div><\/div><\/div><\/div><div class=\"fusion-clearfix\"><\/div>\n","protected":false},"excerpt":{"rendered":"","protected":false},"author":2,"featured_media":0,"parent":11590,"menu_order":0,"comment_status":"closed","ping_status":"closed","template":"","meta":{"_monsterinsights_skip_tracking":false,"_monsterinsights_sitenote_active":false,"_monsterinsights_sitenote_note":"","_monsterinsights_sitenote_category":0,"footnotes":""},"_links":{"self":[{"href":"https:\/\/busot.es\/publica\/wp-json\/wp\/v2\/pages\/11871"}],"collection":[{"href":"https:\/\/busot.es\/publica\/wp-json\/wp\/v2\/pages"}],"about":[{"href":"https:\/\/busot.es\/publica\/wp-json\/wp\/v2\/types\/page"}],"author":[{"embeddable":true,"href":"https:\/\/busot.es\/publica\/wp-json\/wp\/v2\/users\/2"}],"replies":[{"embeddable":true,"href":"https:\/\/busot.es\/publica\/wp-json\/wp\/v2\/comments?post=11871"}],"version-history":[{"count":16,"href":"https:\/\/busot.es\/publica\/wp-json\/wp\/v2\/pages\/11871\/revisions"}],"predecessor-version":[{"id":15475,"href":"https:\/\/busot.es\/publica\/wp-json\/wp\/v2\/pages\/11871\/revisions\/15475"}],"up":[{"embeddable":true,"href":"https:\/\/busot.es\/publica\/wp-json\/wp\/v2\/pages\/11590"}],"wp:attachment":[{"href":"https:\/\/busot.es\/publica\/wp-json\/wp\/v2\/media?parent=11871"}],"curies":[{"name":"wp","href":"https:\/\/api.w.org\/{rel}","templated":true}]}}