{"id":11567,"date":"2016-02-12T11:16:41","date_gmt":"2016-02-12T10:16:41","guid":{"rendered":"https:\/\/busot.es\/publica\/?page_id=11567"},"modified":"2020-10-30T14:05:58","modified_gmt":"2020-10-30T13:05:58","slug":"saluda-del-alcalde","status":"publish","type":"page","link":"https:\/\/busot.es\/publica\/infobusot\/saluda-del-alcalde\/","title":{"rendered":"Saluda del alcalde"},"content":{"rendered":"<p><img loading=\"lazy\" decoding=\"async\" class=\"aligncenter wp-image-14602 \" src=\"https:\/\/busot.es\/publica\/wp-content\/uploads\/2020\/10\/alejandro-morant.jpeg\" alt=\"\" width=\"738\" height=\"415\" srcset=\"https:\/\/busot.es\/publica\/wp-content\/uploads\/2020\/10\/alejandro-morant.jpeg 1024w, https:\/\/busot.es\/publica\/wp-content\/uploads\/2020\/10\/alejandro-morant-300x169.jpeg 300w, https:\/\/busot.es\/publica\/wp-content\/uploads\/2020\/10\/alejandro-morant-768x432.jpeg 768w\" sizes=\"(max-width: 738px) 100vw, 738px\" \/><\/p>\n<p>Estimados vecinos y visitantes que os asom\u00e1is a esta pagina web municipal del ayuntamiento de Busot.<\/p>\n<p>En primer lugar quiero agradeceros sinceramente el inter\u00e9s de quienes os asom\u00e1is a esta ventana digital para conocer detalles e informarse de cuanto acontece en nuestro municipio.<\/p>\n<p>Desde que tengo la oportunidad de representar al pueblo de Busot, ser\u00e1 mi intenci\u00f3n estar a la vanguardia en cuanto a distintos aspectos, pero especialmente, en la implantaci\u00f3n de cuantas herramientas y avances tecnol\u00f3gicos vayan surgiendo.<\/p>\n<p>El modernizar el ayuntamiento a trav\u00e9s de las TIC\u2019s, es acercar la administraci\u00f3n al ciudadano, facilitarle cuantas gestiones o documentos pueda necesitar, sin necesidad de desplazarse a los distintos edificios municipales.<\/p>\n<p>La sede electr\u00f3nica implantada, la administraci\u00f3n electr\u00f3nica, el portal de transparencia, el perfil del contratante, la plataforma de contrataci\u00f3n p\u00fablica, etc, son muestras de la evoluci\u00f3n y modernizaci\u00f3n de nuestra entidad.<\/p>\n<p>Pero no solamente queremos acercar la administraci\u00f3n al ciudadano, adem\u00e1s queremos mostrar la gran oferta tur\u00edstica, gastron\u00f3mica, hostelera y de ocio que ofrecemos en nuestro maravilloso entorno.<\/p>\n<p>Las cuevas del Canelobre son nuestra joya m\u00e1s apreciada, una cavidad visitable que no deja indiferente a nadie con su b\u00f3veda de m\u00e1s de 75 metros de altura.<\/p>\n<p>El castillo visitable, el museo de la m\u00fasica, el de Enrique Lled\u00f3, la monumental iglesia del siglo XVI, el antiguo lavadero, la ermita de San Jos\u00e9, son tambi\u00e9n espacios que merecen la pena conocer.<\/p>\n<p>Adem\u00e1s nuestro maravilloso entorno natural ofrece la posibilidad de disfrutar de miradores como el del monte calvario y el de la Font, que permiten otear gran parte de mitad sur de nuestra provincia.<\/p>\n<p>Por si fuera poco, para los amantes de la naturaleza, Busot cuenta con el\u00a0 Monte conocido como \u201cCabe\u00e7\u00f3 d\u2019or\u201d, una monta\u00f1a con 1.250mts de altura y un entorno natural, por el que se pueden realizar actividades como el senderismo, con un PR muy accesible, rutas en MTB, running, rutas a caballo, y sobre todo, escalada, siendo una de las monta\u00f1as con m\u00e1s v\u00edas de Espa\u00f1a.<\/p>\n<p>Y como no, despu\u00e9s de una maratoniana jornada, Busot cuenta con una gastronom\u00eda excepcional, donde nuestros bares y restaurantes, ofrecen distintos men\u00fas donde adem\u00e1s de buenas carnes, pescados y arroces, se ofrecen platos de cuchara como el \u201cxuquet de peix\u201d, \u201cGazpacho con perdiz\u201d, \u201cCocidos con pelotas\u201d, \u201cOlleta\u201d, e incluso calderos de pescado.<\/p>\n<p>Espero, con esta iniciativa, el haber aportado algo de luz sobre nuestro querido pueblo, y aprovecho estas l\u00edneas para invitarles a compartir y disfrutar de este maravilloso pueblo, Busot.<\/p>\n<p>Les esperamos. Bienvenido a nuestro pueblo, bienvenidos a <strong>BUSOT<\/strong>.<\/p>\n<p>Alejandro Morant Climent<\/p>\n<p>Alcalde-Presidente del Excmo. Ayuntamiento de Busot<\/p>\n<div id=\"attachment_11571\" style=\"width: 610px\" class=\"wp-caption aligncenter\"><img loading=\"lazy\" decoding=\"async\" aria-describedby=\"caption-attachment-11571\" class=\"size-full wp-image-11571\" src=\"https:\/\/busot.es\/publica\/wp-content\/uploads\/2016\/02\/pie_saluda.jpg\" alt=\"Ayuntamiento de Busot\" width=\"600\" height=\"108\" srcset=\"https:\/\/busot.es\/publica\/wp-content\/uploads\/2016\/02\/pie_saluda.jpg 600w, https:\/\/busot.es\/publica\/wp-content\/uploads\/2016\/02\/pie_saluda-300x54.jpg 300w\" sizes=\"(max-width: 600px) 100vw, 600px\" \/><p id=\"caption-attachment-11571\" class=\"wp-caption-text\">Ayuntamiento de Busot<\/p><\/div>\n<p align=\"justify\">\n\n","protected":false},"excerpt":{"rendered":"","protected":false},"author":2,"featured_media":0,"parent":11565,"menu_order":0,"comment_status":"closed","ping_status":"closed","template":"","meta":{"_monsterinsights_skip_tracking":false,"_monsterinsights_sitenote_active":false,"_monsterinsights_sitenote_note":"","_monsterinsights_sitenote_category":0,"footnotes":""},"_links":{"self":[{"href":"https:\/\/busot.es\/publica\/wp-json\/wp\/v2\/pages\/11567"}],"collection":[{"href":"https:\/\/busot.es\/publica\/wp-json\/wp\/v2\/pages"}],"about":[{"href":"https:\/\/busot.es\/publica\/wp-json\/wp\/v2\/types\/page"}],"author":[{"embeddable":true,"href":"https:\/\/busot.es\/publica\/wp-json\/wp\/v2\/users\/2"}],"replies":[{"embeddable":true,"href":"https:\/\/busot.es\/publica\/wp-json\/wp\/v2\/comments?post=11567"}],"version-history":[{"count":6,"href":"https:\/\/busot.es\/publica\/wp-json\/wp\/v2\/pages\/11567\/revisions"}],"predecessor-version":[{"id":14604,"href":"https:\/\/busot.es\/publica\/wp-json\/wp\/v2\/pages\/11567\/revisions\/14604"}],"up":[{"embeddable":true,"href":"https:\/\/busot.es\/publica\/wp-json\/wp\/v2\/pages\/11565"}],"wp:attachment":[{"href":"https:\/\/busot.es\/publica\/wp-json\/wp\/v2\/media?parent=11567"}],"curies":[{"name":"wp","href":"https:\/\/api.w.org\/{rel}","templated":true}]}}